{"id":102,"date":"2016-02-03T15:33:35","date_gmt":"2016-02-03T14:33:35","guid":{"rendered":"https:\/\/www.esf.international\/?page_id=102"},"modified":"2019-11-06T10:11:22","modified_gmt":"2019-11-06T09:11:22","slug":"sustainable-eel-group","status":"publish","type":"page","link":"https:\/\/www.esf.international\/de\/sustainable-eel-group\/","title":{"rendered":"Sustainable Eel Group"},"content":{"rendered":"<p>Die Sustainable Eel Group ist eine europaweite Organisation, die sich dem Erhalt des Aals widmet und unter wissenschaftlicher Steuerung arbeitet. Sie arbeitet mit Partner-Institutionen und Personen zusammen, um die Auff\u00fcllung des Aalbestandes zu beschleunigen.<\/p>\n<p><strong>Ihr Bestreben:<br \/>\n<\/strong>Eine gesunde Aal-Population, verteilt auf ihre nat\u00fcrlichen Verbreitungsgebiete, die ihre Rolle in der aquatischen Umwelt nachkommt und in der Lage ist, eine nachhaltige Nutzung zugunsten der lokalen Wirtschaft zu unterst\u00fctzen.<\/p>\n<p><strong>Ihre Absicht:<br \/>\n<\/strong>Respektierter Partner sein, der den gemeinsamen Erhalt und das Management um den Aal in Gro\u00dfbritannien und Europa erm\u00f6glicht und voranbringt und alle Interessen in einem offenen und wirkungsvollen Prozess verbindet.<\/p>\n<p><strong>Ihre Ziele:<br \/>\n<\/strong>\u27a2\u00a0\u00a0 \u00a0Unterst\u00fctzung der Umsetzung der in der\u00a0 EU Aal-Verordnung festgelegten Ziele<br \/>\n\u27a2\u00a0\u00a0 \u00a0Entwicklung, Interpretation und Anwendung modernster Wissenschaft, zur wirksamen Unterst\u00fctzung der Entscheidungsfindung<br \/>\n\u27a2\u00a0\u00a0 \u00a0Einflussnahme auf politische Entscheidungstr\u00e4ger in Gro\u00dfbritannien und Europa<br \/>\n\u27a2\u00a0\u00a0 F\u00f6rderung einer gut regulierten und nachhaltigen Fischerei, die die lokale Wirtschaft und lokale Gemeinden unterst\u00fctzt<br \/>\n\u27a2\u00a0\u00a0 \u00a0F\u00f6rderung eines besseren Verst\u00e4ndnisses der \u00d6ffentlichkeit f\u00fcr den Aal<br \/>\n\u27a2\u00a0\u00a0 \u00a0Erfolgreiche Beschaffung von Geldern und Mitteln, um die Ziele der Gruppe voranzubringen<\/p>\n<p><strong>Ergebnisse:<br \/>\n<\/strong>\u27a2\u00a0\u00a0 \u00a0Der Aalbestand erreicht wieder einen Zustand des \u00dcberflusses<br \/>\n\u27a2\u00a0\u00a0 \u00a0F\u00fcr alle Flussgebiete gilt Konformit\u00e4t mit der EU-Verordnung<br \/>\n\u27a2\u00a0\u00a0 \u00a0Der Aal bildet einen lebensf\u00e4higen Bestandteil der aquatischen Lebensgemeinschaften<br \/>\n\u27a2\u00a0\u00a0 \u00a0Eine gesunde und nachhaltige Fischerei<\/p>\n<p><strong>Nachhaltige Entwicklung<\/strong><br \/>\nDie SEG hat die United Nations Brundtland Definition angenommen und arbeitet in ihrem Sinn. Diese Folie stammt aus der Pr\u00e4sentation ihres Vorsitzenden vor der Konferenz von Venedig. Dar\u00fcberhinaus wird das Thema der Nachhaltigkeit des Aalbestandes in der Einf\u00fchrung des Nachhaltigen Aal Standards untersucht.<\/p>\n<p><a href=\"http:\/\/www.sustainableeelgroup.org\">www.sustainableeelgroup.org<\/a><\/p>","protected":false},"excerpt":{"rendered":"<p>Die Sustainable Eel Group ist eine europaweite Organisation, die sich dem Erhalt des Aals widmet und unter wissenschaftlicher Steuerung arbeitet. <a class=\"more-link\" href=\"https:\/\/www.esf.international\/de\/sustainable-eel-group\/\">Lees verder&#8230;<\/a><\/p>\n","protected":false},"author":1,"featured_media":0,"parent":0,"menu_order":0,"comment_status":"closed","ping_status":"closed","template":"","meta":{"_exactmetrics_skip_tracking":false,"_exactmetrics_sitenote_active":false,"_exactmetrics_sitenote_note":"","_exactmetrics_sitenote_category":0,"footnotes":""},"class_list":["post-102","page","type-page","status-publish","hentry"],"_links":{"self":[{"href":"https:\/\/www.esf.international\/de\/wp-json\/wp\/v2\/pages\/102","targetHints":{"allow":["GET"]}}],"collection":[{"href":"https:\/\/www.esf.international\/de\/wp-json\/wp\/v2\/pages"}],"about":[{"href":"https:\/\/www.esf.international\/de\/wp-json\/wp\/v2\/types\/page"}],"author":[{"embeddable":true,"href":"https:\/\/www.esf.international\/de\/wp-json\/wp\/v2\/users\/1"}],"replies":[{"embeddable":true,"href":"https:\/\/www.esf.international\/de\/wp-json\/wp\/v2\/comments?post=102"}],"version-history":[{"count":24,"href":"https:\/\/www.esf.international\/de\/wp-json\/wp\/v2\/pages\/102\/revisions"}],"predecessor-version":[{"id":507,"href":"https:\/\/www.esf.international\/de\/wp-json\/wp\/v2\/pages\/102\/revisions\/507"}],"wp:attachment":[{"href":"https:\/\/www.esf.international\/de\/wp-json\/wp\/v2\/media?parent=102"}],"curies":[{"name":"wp","href":"https:\/\/api.w.org\/{rel}","templated":true}]}}