{"id":115,"date":"2016-02-08T10:40:42","date_gmt":"2016-02-08T09:40:42","guid":{"rendered":"https:\/\/www.esf.international\/?page_id=115"},"modified":"2019-06-19T13:13:20","modified_gmt":"2019-06-19T12:13:20","slug":"eel-stewardship-fund","status":"publish","type":"page","link":"https:\/\/www.esf.international\/de\/eel-stewardship-fund\/","title":{"rendered":"Eel Stewardship Fund"},"content":{"rendered":"<p>Der Eel Stewardship Fund wurde zur Finanzierung von Aktivit\u00e4ten gegr\u00fcndet, die einen Beitrag zur nachhaltigen Aufstockung des Aalbestandes in den europ\u00e4ischen Binnengew\u00e4ssern leisten. Zu diesen Aktivit\u00e4ten geh\u00f6rt die Aufstockung mit Glasaalen und Steigaalen, die Entwicklung von nachhaltigen L\u00f6sungen f\u00fcr den Fang und die Aufzucht von Aalen sowie umwelt- und tierfreundliche Verarbeitungsmethoden. Der ESF f\u00f6rdert die wissenschaftliche Erforschung des Aals und beteiligt sich an der Finanzierung von Projekten zur \u00dcberwindung der indernisseHindernisse auf den Wanderrouten. Dabei streben ESF-Mitglieder sowohl eine nachhaltige Bestandserhaltung des Europ\u00e4ischen Aals als auch der Aalindstrie an.<\/p>\n<p>Seit 1950 wird die Aalpopulation durch Umweltverschmutzung, nat\u00fcrliche Feinde wie Kormorane und \u00dcberfischung bedroht. Dadurch wurden die nat\u00fcrlichen Flussm\u00fcndungen und der Aalbestand schwer gesch\u00e4digt. Die gr\u00f6\u00dfte Herausforderung bilden jedoch Wasserkraftwerke, Wasseraufbereitungsanlagen und Pumpstationen in unseren Binnenwasserstra\u00dfen, die die Wanderrouten der Aale blockieren. Aale werden im Ozean geboren und schwimmen dann in gro\u00dfen Mengen \u00fcber den Atlantik zum S\u00fc\u00dfwasser, wo sie ihre Entwicklung fortsetzen. Unsere europ\u00e4ische K\u00fcstenlinie ist jedoch heutzutage mit so vielen Hochwasserschutzanlagen versehen, dass die Steigaale gro\u00dfe Schwierigkeiten haben, das S\u00fc\u00dfwasser zu erreichen und wieder ins Meer hinauszuschwimmen f\u00fcr den R\u00fcckweg. Da der Fischfang heute streng kontrolliert wird und die Aalindustrie neue Standards entwickelt hat, um ihre Auswirkungen auf die nat\u00fcrlichen Ressourcen zu verringern, richtet sich viel Aufmerksamkeit auf die Wiederherstellung der Aalwanderrouten.<\/p>","protected":false},"excerpt":{"rendered":"<p>Der Eel Stewardship Fund wurde zur Finanzierung von Aktivit\u00e4ten gegr\u00fcndet, die einen Beitrag zur nachhaltigen Aufstockung des Aalbestandes in den <a class=\"more-link\" href=\"https:\/\/www.esf.international\/de\/eel-stewardship-fund\/\">Lees verder&#8230;<\/a><\/p>\n","protected":false},"author":1,"featured_media":0,"parent":0,"menu_order":0,"comment_status":"closed","ping_status":"closed","template":"","meta":{"_exactmetrics_skip_tracking":false,"_exactmetrics_sitenote_active":false,"_exactmetrics_sitenote_note":"","_exactmetrics_sitenote_category":0,"footnotes":""},"class_list":["post-115","page","type-page","status-publish","hentry"],"_links":{"self":[{"href":"https:\/\/www.esf.international\/de\/wp-json\/wp\/v2\/pages\/115","targetHints":{"allow":["GET"]}}],"collection":[{"href":"https:\/\/www.esf.international\/de\/wp-json\/wp\/v2\/pages"}],"about":[{"href":"https:\/\/www.esf.international\/de\/wp-json\/wp\/v2\/types\/page"}],"author":[{"embeddable":true,"href":"https:\/\/www.esf.international\/de\/wp-json\/wp\/v2\/users\/1"}],"replies":[{"embeddable":true,"href":"https:\/\/www.esf.international\/de\/wp-json\/wp\/v2\/comments?post=115"}],"version-history":[{"count":13,"href":"https:\/\/www.esf.international\/de\/wp-json\/wp\/v2\/pages\/115\/revisions"}],"predecessor-version":[{"id":497,"href":"https:\/\/www.esf.international\/de\/wp-json\/wp\/v2\/pages\/115\/revisions\/497"}],"wp:attachment":[{"href":"https:\/\/www.esf.international\/de\/wp-json\/wp\/v2\/media?parent=115"}],"curies":[{"name":"wp","href":"https:\/\/api.w.org\/{rel}","templated":true}]}}