{"id":196,"date":"2016-03-21T17:13:22","date_gmt":"2016-03-21T16:13:22","guid":{"rendered":"https:\/\/www.esf.international\/?page_id=196"},"modified":"2017-10-02T13:07:38","modified_gmt":"2017-10-02T12:07:38","slug":"iucn-listing","status":"publish","type":"page","link":"https:\/\/www.esf.international\/de\/iucn-listing\/","title":{"rendered":"IUCN Liste"},"content":{"rendered":"<p>Die Weltnaturschutzunion IUCN (International Union for Conservation of Nature) ist die weltweit \u00e4lteste und gr\u00f6\u00dfte globale Umweltorganisation. Mehr als 185 L\u00e4nder arbeiten innerhalb der Union zusammen. Die IUCN unterst\u00fctzt die Welt dabei, pragmatische L\u00f6sungen f\u00fcr unsere dringlichsten Umwelt- und Entwicklungsprobleme zu finden.<\/p>\n<p>Aufgrund des geringen Datenmaterials und des mangelnden Verst\u00e4ndnisses des Zusammenhangs zwischen Rekrutierung, S\u00fc\u00dfwasserpopulationen und R\u00fcckwanderung ist es noch immer schwierig, die Ver\u00e4nderungen in den internationalen Aalbest\u00e4nden zu bestimmen. Da A. anguilla panmiktisch ist, resultiert die Abwanderung aus einer Region nicht automatisch in einer entsprechend gro\u00dfen Rekrutierung neuer Larven in derselben Region. Auch wegen des zeitlichen Abstands zwischen der Rekrutierung des Glasaals in S\u00fc\u00df- und Brackwasser und der folgenden Abwanderung des Blankaals l\u00e4sst sich dar\u00fcber keine zuverl\u00e4ssige Aussage treffen. Tats\u00e4chlich nimmt man in jeder Hinsicht an, dass praktisch nichts \u00fcber die Dynamik der ozenaischen Phase von A. anguilla bekannt ist (ICES WGEEL 2013).<\/p>\n<p>Man hat aufgrund der relativ kurzen Zeitspanne zwischen Laichen und Rekrutierung vorgeschlagen, dass letztere einen guten Indikator f\u00fcr den vorherigen Laichbestand darstellt, aus dem der jugendliche Bestand hervorgegangen ist; dies h\u00e4ngt in einem gewissen Umfang davon ab, welchen Einfluss ozeanische Faktoren auf den Larventransport haben. Die Anwendung der Kategorien und Kriterien der Roten Liste der IUCN auf dieses Datenmaterial legt nahe, den Europ\u00e4ischen Aal als kritisch gef\u00e4hrdet einzustufen. Angesichts des relativen Mangels an Verst\u00e4ndnis f\u00fcr die Gef\u00e4hrdung hat die IUCN den Versuch unternommen, diese mithilfe des IUCN \u201aGefahrenklassifikationsschemas\u2018 zu quantifizieren, dennoch ist das Ergebnis keineswegs definitiv. Wieder einmal wird aufgrund des Mangels an Populationsdaten ein Vorsorgeansatz angenommen.<\/p>","protected":false},"excerpt":{"rendered":"<p>Die Weltnaturschutzunion IUCN (International Union for Conservation of Nature) ist die weltweit \u00e4lteste und gr\u00f6\u00dfte globale Umweltorganisation. Mehr als 185 <a class=\"more-link\" href=\"https:\/\/www.esf.international\/de\/iucn-listing\/\">Lees verder&#8230;<\/a><\/p>\n","protected":false},"author":1,"featured_media":0,"parent":0,"menu_order":0,"comment_status":"closed","ping_status":"closed","template":"","meta":{"_exactmetrics_skip_tracking":false,"_exactmetrics_sitenote_active":false,"_exactmetrics_sitenote_note":"","_exactmetrics_sitenote_category":0,"footnotes":""},"class_list":["post-196","page","type-page","status-publish","hentry"],"_links":{"self":[{"href":"https:\/\/www.esf.international\/de\/wp-json\/wp\/v2\/pages\/196","targetHints":{"allow":["GET"]}}],"collection":[{"href":"https:\/\/www.esf.international\/de\/wp-json\/wp\/v2\/pages"}],"about":[{"href":"https:\/\/www.esf.international\/de\/wp-json\/wp\/v2\/types\/page"}],"author":[{"embeddable":true,"href":"https:\/\/www.esf.international\/de\/wp-json\/wp\/v2\/users\/1"}],"replies":[{"embeddable":true,"href":"https:\/\/www.esf.international\/de\/wp-json\/wp\/v2\/comments?post=196"}],"version-history":[{"count":7,"href":"https:\/\/www.esf.international\/de\/wp-json\/wp\/v2\/pages\/196\/revisions"}],"predecessor-version":[{"id":444,"href":"https:\/\/www.esf.international\/de\/wp-json\/wp\/v2\/pages\/196\/revisions\/444"}],"wp:attachment":[{"href":"https:\/\/www.esf.international\/de\/wp-json\/wp\/v2\/media?parent=196"}],"curies":[{"name":"wp","href":"https:\/\/api.w.org\/{rel}","templated":true}]}}