{"id":256,"date":"2016-03-25T13:30:55","date_gmt":"2016-03-25T12:30:55","guid":{"rendered":"https:\/\/www.esf.international\/?page_id=256"},"modified":"2017-10-02T13:09:16","modified_gmt":"2017-10-02T12:09:16","slug":"unblocking-migratory-pathways","status":"publish","type":"page","link":"https:\/\/www.esf.international\/de\/unblocking-migratory-pathways\/","title":{"rendered":"Unblocking Migratory Pathways"},"content":{"rendered":"<p>Der Aal steht derzeit einer Unmenge von Hindernissen gegen\u00fcber, wenn er in das Meer gelangen oder zur\u00fcckkehren will. Die europ\u00e4ische K\u00fcste ist durch K\u00fcstenschutzprojekte bestens gesch\u00fctzt. Die kleine Menge an Jungaalen, der es gelingt, sich ihren Weg durch diese Barrieren zu bahnen, werden auf ihrem Weg ins S\u00fc\u00dfwasser mit zahlreichen Wassermanagementstationen und Pumpwerken konfrontiert. Dort m\u00fcssen sie drei bis f\u00fcnfzehn Jahre \u00fcberleben, je nach der Region, in der sie aufgewachsen sind, bevor sie zur\u00fcck ins Meer schwimmen k\u00f6nnen. Sobald sie ihren R\u00fcckweg ins Meer begonnen haben, werden sie von den gleichen gef\u00e4hrlichen Barrieren aufgehalten.<\/p>\n<p>F\u00fcr europ\u00e4ische L\u00e4nder gibt es begrenzte Fang- und Verkaufsquoten f\u00fcr Aal. Dies ist einer der Wege, auf dem Europa versucht, eine gesunde und wachsende Aalpopulation wiederherzustellen. Diese Bem\u00fchungen um nat\u00fcrliches Wachstum werden von Hindernissen vereitelt, die der Mensch gebaut hat und auf die der Aal bei dem Versuch st\u00f6\u00dft, seinen Lebenszyklus zu erf\u00fcllen. Dazu kommt noch, dass es an finanziellen Mitteln fehlt, um die Wanderrouten f\u00fcr den Aal passierbar zu gestalten.<\/p>\n<p>In ganz Europa gibt es verschiedene Projekte, die den Aal vor dem fr\u00fchen Tod in einer Wasserturbine bewahren. Doch diese Projekte verschlingen erhebliche Geldmittel. Zu diesem Zeitpunkt reicht die Anzahl der Projekte nicht aus. Und nur ein Langzeitplan wird in der Lage sein, die Hindernisse \u00fcberwindbar zu gestalten.<\/p>\n<p>F\u00fcr die Wanderrouten ist jedoch eine kurzfristige L\u00f6sung von Wichtigkeit, damit m\u00f6glichst viele Aale die Hindernisse \u00fcberwinden k\u00f6nnen. Das ist auch der Grund, warum der ESF Jungaalen (Steigaalen) durch Aufstockungsinitiativen auf ihrem Weg in das S\u00fc\u00dfwasser hilft.<\/p>\n<p>Fischer werden daf\u00fcr bezahlt, die R\u00fcckwanderungszahl des Blankaals zu erh\u00f6hen. Auf dem Weg hinaus aufs Meer, wenn der Aal diversen Widrigkeiten begegnet, wird ihm der Weg mithilfe der Fang-und-Transport-Programme (trap-and-transfer-programs), auch \u201eAal \u00fcber den Deich\u201c genannt, freigemacht.<\/p>\n<p>Der Eel Stewardship Fund unterst\u00fctzt kurzfristig beide Phasen: er hilft w\u00e4hrend der Aufstockungs- und der Fang- &amp; Transport-Phase auf den Wanderrouten der Aale. Als langfristige L\u00f6sung stellt der ESF sowohl Wissen als auch finanzielle Mittel f\u00fcr Aal-Schutzprojekte \u00fcberall in Europa bereit.<\/p>","protected":false},"excerpt":{"rendered":"<p>Der Aal steht derzeit einer Unmenge von Hindernissen gegen\u00fcber, wenn er in das Meer gelangen oder zur\u00fcckkehren will. Die europ\u00e4ische <a class=\"more-link\" href=\"https:\/\/www.esf.international\/de\/unblocking-migratory-pathways\/\">Lees verder&#8230;<\/a><\/p>\n","protected":false},"author":1,"featured_media":0,"parent":0,"menu_order":0,"comment_status":"closed","ping_status":"closed","template":"","meta":{"_exactmetrics_skip_tracking":false,"_exactmetrics_sitenote_active":false,"_exactmetrics_sitenote_note":"","_exactmetrics_sitenote_category":0,"footnotes":""},"class_list":["post-256","page","type-page","status-publish","hentry"],"_links":{"self":[{"href":"https:\/\/www.esf.international\/de\/wp-json\/wp\/v2\/pages\/256","targetHints":{"allow":["GET"]}}],"collection":[{"href":"https:\/\/www.esf.international\/de\/wp-json\/wp\/v2\/pages"}],"about":[{"href":"https:\/\/www.esf.international\/de\/wp-json\/wp\/v2\/types\/page"}],"author":[{"embeddable":true,"href":"https:\/\/www.esf.international\/de\/wp-json\/wp\/v2\/users\/1"}],"replies":[{"embeddable":true,"href":"https:\/\/www.esf.international\/de\/wp-json\/wp\/v2\/comments?post=256"}],"version-history":[{"count":11,"href":"https:\/\/www.esf.international\/de\/wp-json\/wp\/v2\/pages\/256\/revisions"}],"predecessor-version":[{"id":446,"href":"https:\/\/www.esf.international\/de\/wp-json\/wp\/v2\/pages\/256\/revisions\/446"}],"wp:attachment":[{"href":"https:\/\/www.esf.international\/de\/wp-json\/wp\/v2\/media?parent=256"}],"curies":[{"name":"wp","href":"https:\/\/api.w.org\/{rel}","templated":true}]}}