{"id":61,"date":"2016-02-03T14:22:24","date_gmt":"2016-02-03T13:22:24","guid":{"rendered":"https:\/\/www.esf.international\/?page_id=61"},"modified":"2025-12-23T08:56:30","modified_gmt":"2025-12-23T07:56:30","slug":"how-to-use-esf","status":"publish","type":"page","link":"https:\/\/www.esf.international\/de\/how-to-use-esf\/","title":{"rendered":"Die Nutzung von ESF"},"content":{"rendered":"<p>Aalproduzenten mit einer ESF-Lizenz sind berechtigt, das ESF-Logo auf ihren Verpackungen und in ihren Marketing- und Kommunikationsmitteln zu verwenden. Gro\u00dfh\u00e4ndler und Einzelh\u00e4ndler k\u00f6nnen \u00fcber eine Kundenlizenz verf\u00fcgen, um ihren Endverbrauchern zu zeigen, dass der von ihnen verkaufte Aal zum Fonds beitr\u00e4gt. Unter der ESF-Lizenz verkaufter Aal wird im jeweiligen Land administriert. Jedes Mitgliedsland verf\u00fcgt \u00fcber ein eigenes Konto, aus dem Projekte finanziert werden.<\/p>\n<p>M\u00f6chten Sie wissen, wie Sie das ESF-Logo verwenden k\u00f6nnen? Laden Sie das Handbuch herunter.<\/p>\n<p><a href=\"http:\/\/www.esf.international\/wp-content\/uploads\/2017\/09\/JEN16-4115-ESF-logo-Logo-manual-Z-D.pdf\" target=\"_blank\" rel=\"noopener noreferrer\"><br \/>\n<button class=\"button-blauw\">Handbuch herunterladen<\/button><br \/>\n<\/a><\/p>\n<p>M\u00f6chten Sie mehr \u00fcber die Nutzung von ESF erfahren? Bitte wenden Sie sich an das <a href=\"http:\/\/www.esf.international\/esa-members\/\">ESF-Mitglied<\/a> in Ihrem Land.<\/p>\n<p><a href=\"http:\/\/www.esf.international\/want-to-join-esa-and-esf\/\">M\u00f6chten Sie ESF beitreten? Bitte nutzen Sie das Kontaktformular f\u00fcr Ihren Sektor<\/a>.<br \/>\n<\/p>","protected":false},"excerpt":{"rendered":"<p>Aalproduzenten mit einer ESF-Lizenz sind berechtigt, das ESF-Logo auf ihren Verpackungen und in ihren Marketing- und Kommunikationsmitteln zu verwenden. Gro\u00dfh\u00e4ndler <a class=\"more-link\" href=\"https:\/\/www.esf.international\/de\/how-to-use-esf\/\">Lees verder&#8230;<\/a><\/p>\n","protected":false},"author":1,"featured_media":0,"parent":0,"menu_order":0,"comment_status":"closed","ping_status":"closed","template":"","meta":{"_exactmetrics_skip_tracking":false,"_exactmetrics_sitenote_active":false,"_exactmetrics_sitenote_note":"","_exactmetrics_sitenote_category":0,"footnotes":""},"class_list":["post-61","page","type-page","status-publish","hentry"],"_links":{"self":[{"href":"https:\/\/www.esf.international\/de\/wp-json\/wp\/v2\/pages\/61","targetHints":{"allow":["GET"]}}],"collection":[{"href":"https:\/\/www.esf.international\/de\/wp-json\/wp\/v2\/pages"}],"about":[{"href":"https:\/\/www.esf.international\/de\/wp-json\/wp\/v2\/types\/page"}],"author":[{"embeddable":true,"href":"https:\/\/www.esf.international\/de\/wp-json\/wp\/v2\/users\/1"}],"replies":[{"embeddable":true,"href":"https:\/\/www.esf.international\/de\/wp-json\/wp\/v2\/comments?post=61"}],"version-history":[{"count":28,"href":"https:\/\/www.esf.international\/de\/wp-json\/wp\/v2\/pages\/61\/revisions"}],"predecessor-version":[{"id":571,"href":"https:\/\/www.esf.international\/de\/wp-json\/wp\/v2\/pages\/61\/revisions\/571"}],"wp:attachment":[{"href":"https:\/\/www.esf.international\/de\/wp-json\/wp\/v2\/media?parent=61"}],"curies":[{"name":"wp","href":"https:\/\/api.w.org\/{rel}","templated":true}]}}