{"id":63,"date":"2016-02-03T14:24:57","date_gmt":"2016-02-03T13:24:57","guid":{"rendered":"https:\/\/www.esf.international\/?page_id=63"},"modified":"2019-06-19T13:15:08","modified_gmt":"2019-06-19T12:15:08","slug":"want-to-help","status":"publish","type":"page","link":"https:\/\/www.esf.international\/de\/want-to-help\/","title":{"rendered":"M\u00f6chten Sie helfen?"},"content":{"rendered":"<p>Wenn wir mehr \u00fcber den Aal erfahren m\u00f6chten und dar\u00fcber, wie wir mithelfen k\u00f6nnen, seine Best\u00e4nde zu erhalten, m\u00fcssen wir jetzt handeln.<\/p>\n<p>Und Sie k\u00f6nnen uns dabei helfen! Kaufen Sie einfach nur noch Produkte mit dem Eel Stewardship Fund Logo: So k\u00f6nnen Sie einen Beitrag zum Erhalt der Aal-Population in Europa leisten.<\/p>","protected":false},"excerpt":{"rendered":"<p>Wenn wir mehr \u00fcber den Aal erfahren m\u00f6chten und dar\u00fcber, wie wir mithelfen k\u00f6nnen, seine Best\u00e4nde zu erhalten, m\u00fcssen wir <a class=\"more-link\" href=\"https:\/\/www.esf.international\/de\/want-to-help\/\">Lees verder&#8230;<\/a><\/p>\n","protected":false},"author":1,"featured_media":0,"parent":0,"menu_order":0,"comment_status":"closed","ping_status":"closed","template":"","meta":{"_exactmetrics_skip_tracking":false,"_exactmetrics_sitenote_active":false,"_exactmetrics_sitenote_note":"","_exactmetrics_sitenote_category":0,"footnotes":""},"class_list":["post-63","page","type-page","status-publish","hentry"],"_links":{"self":[{"href":"https:\/\/www.esf.international\/de\/wp-json\/wp\/v2\/pages\/63","targetHints":{"allow":["GET"]}}],"collection":[{"href":"https:\/\/www.esf.international\/de\/wp-json\/wp\/v2\/pages"}],"about":[{"href":"https:\/\/www.esf.international\/de\/wp-json\/wp\/v2\/types\/page"}],"author":[{"embeddable":true,"href":"https:\/\/www.esf.international\/de\/wp-json\/wp\/v2\/users\/1"}],"replies":[{"embeddable":true,"href":"https:\/\/www.esf.international\/de\/wp-json\/wp\/v2\/comments?post=63"}],"version-history":[{"count":21,"href":"https:\/\/www.esf.international\/de\/wp-json\/wp\/v2\/pages\/63\/revisions"}],"predecessor-version":[{"id":500,"href":"https:\/\/www.esf.international\/de\/wp-json\/wp\/v2\/pages\/63\/revisions\/500"}],"wp:attachment":[{"href":"https:\/\/www.esf.international\/de\/wp-json\/wp\/v2\/media?parent=63"}],"curies":[{"name":"wp","href":"https:\/\/api.w.org\/{rel}","templated":true}]}}