{"id":73,"date":"2016-02-03T14:39:31","date_gmt":"2016-02-03T13:39:31","guid":{"rendered":"https:\/\/www.esf.international\/?page_id=73"},"modified":"2017-10-02T12:58:28","modified_gmt":"2017-10-02T11:58:28","slug":"restocking","status":"publish","type":"page","link":"https:\/\/www.esf.international\/de\/restocking\/","title":{"rendered":"Bestandsaufstockung"},"content":{"rendered":"<p><strong>Der ESF tr\u00e4gt zu Aufstockungsprojekten bei, die zus\u00e4tzlich zum Bestandsaufstockungs-Programm der EU f\u00fcr Glasaale durchgef\u00fchrt werden. In der EU werden jedes Jahr zig Millionen Glasaale und Jungaale in S\u00fc\u00dfwasser ausgesetzt, um die nat\u00fcrlichen Best\u00e4nde zu erh\u00f6hen.<\/strong><\/p>\n<p>Die Bestandsaufstockung dient dem Zweck, die Abwanderungsraten von Blankaalen zu erh\u00f6hen. Der ESF beteiligt sich an Bestandsaufstockungs-Projekten. Mindestens 60 % der Aale mit einer L\u00e4nge von unter 12 cm, die von lizenzierten Fischereien im Laufe des Jahres gefangen werden, m\u00fcssen f\u00fcr Projekte zur Bestandsaufstockung des Aals in Flussgebieten verwendet werden.<\/p>\n<p>Jeder EU-Mitgliedsstaat ist verpflichtet, Erhaltungsma\u00dfnahmen zu ergreifen. In der Aal-Verordnung wird ausdr\u00fccklich auf die Bestandsaufstockung als Erhaltungsma\u00dfnahme hingewiesen. Zahlreiche L\u00e4nder haben diese Methode als wichtigste Erhaltungsma\u00dfnahme \u00fcbernommen und kaufen daher Glasaale f\u00fcr die Bestandsaufstockung in Binnengew\u00e4ssern. Dar\u00fcber hinaus (ko)finanziert der ESF extra Aufstockungs-Projekte von Glasaalen und vorgez\u00fcchteten Aalen*. Dazu werden j\u00e4hrlich zig Millionen Glasaale in S\u00fc\u00dfwasser ausgesetzt, um die nat\u00fcrlichen Best\u00e4nde zu erh\u00f6hen.<\/p>\n<p><img loading=\"lazy\" decoding=\"async\" class=\"thumbnail alignleft wp-image-206 size-medium\" src=\"https:\/\/www.esf.international\/wp-content\/uploads\/2016\/02\/150414-Glasaal-te-water-kopie-300x200.jpg\" alt=\"150414 Glasaal te water kopie\" width=\"300\" height=\"200\" srcset=\"https:\/\/www.esf.international\/wp-content\/uploads\/2016\/02\/150414-Glasaal-te-water-kopie-300x200.jpg 300w, https:\/\/www.esf.international\/wp-content\/uploads\/2016\/02\/150414-Glasaal-te-water-kopie-768x512.jpg 768w, https:\/\/www.esf.international\/wp-content\/uploads\/2016\/02\/150414-Glasaal-te-water-kopie-1024x683.jpg 1024w\" sizes=\"auto, (max-width: 300px) 100vw, 300px\" \/><img loading=\"lazy\" decoding=\"async\" class=\"thumbnail alignleft wp-image-239 size-medium\" src=\"https:\/\/www.esf.international\/wp-content\/uploads\/2016\/02\/Bak-close-up-ESF-300x201.jpg\" alt=\"Bak close up ESF\" width=\"300\" height=\"201\" srcset=\"https:\/\/www.esf.international\/wp-content\/uploads\/2016\/02\/Bak-close-up-ESF-300x201.jpg 300w, https:\/\/www.esf.international\/wp-content\/uploads\/2016\/02\/Bak-close-up-ESF-768x513.jpg 768w, https:\/\/www.esf.international\/wp-content\/uploads\/2016\/02\/Bak-close-up-ESF-1024x684.jpg 1024w\" sizes=\"auto, (max-width: 300px) 100vw, 300px\" \/><\/p>\n<p>&nbsp;<\/p>\n<p>&nbsp;<\/p>\n<p>&nbsp;<\/p>\n<p>&nbsp;<\/p>\n<p>&nbsp;<\/p>\n<p>*Vorgez\u00fcchtete Aale sind Glasaale, die einige Wochen f\u00fcr die regionalen Anforderungen gez\u00fcchtet werden, um sie zu kr\u00e4ftigen oder sie in einer entsprechenden Zeit f\u00fcr die Aufstockung verwendbar zu machen.<\/p>\n<p>&nbsp;<\/p>","protected":false},"excerpt":{"rendered":"<p>Der ESF tr\u00e4gt zu Aufstockungsprojekten bei, die zus\u00e4tzlich zum Bestandsaufstockungs-Programm der EU f\u00fcr Glasaale durchgef\u00fchrt werden. In der EU werden <a class=\"more-link\" href=\"https:\/\/www.esf.international\/de\/restocking\/\">Lees verder&#8230;<\/a><\/p>\n","protected":false},"author":1,"featured_media":0,"parent":0,"menu_order":0,"comment_status":"closed","ping_status":"closed","template":"","meta":{"_exactmetrics_skip_tracking":false,"_exactmetrics_sitenote_active":false,"_exactmetrics_sitenote_note":"","_exactmetrics_sitenote_category":0,"footnotes":""},"class_list":["post-73","page","type-page","status-publish","hentry"],"_links":{"self":[{"href":"https:\/\/www.esf.international\/de\/wp-json\/wp\/v2\/pages\/73","targetHints":{"allow":["GET"]}}],"collection":[{"href":"https:\/\/www.esf.international\/de\/wp-json\/wp\/v2\/pages"}],"about":[{"href":"https:\/\/www.esf.international\/de\/wp-json\/wp\/v2\/types\/page"}],"author":[{"embeddable":true,"href":"https:\/\/www.esf.international\/de\/wp-json\/wp\/v2\/users\/1"}],"replies":[{"embeddable":true,"href":"https:\/\/www.esf.international\/de\/wp-json\/wp\/v2\/comments?post=73"}],"version-history":[{"count":22,"href":"https:\/\/www.esf.international\/de\/wp-json\/wp\/v2\/pages\/73\/revisions"}],"predecessor-version":[{"id":430,"href":"https:\/\/www.esf.international\/de\/wp-json\/wp\/v2\/pages\/73\/revisions\/430"}],"wp:attachment":[{"href":"https:\/\/www.esf.international\/de\/wp-json\/wp\/v2\/media?parent=73"}],"curies":[{"name":"wp","href":"https:\/\/api.w.org\/{rel}","templated":true}]}}