{"id":78,"date":"2016-02-03T14:42:24","date_gmt":"2016-02-03T13:42:24","guid":{"rendered":"https:\/\/www.esf.international\/?page_id=78"},"modified":"2017-10-02T12:59:48","modified_gmt":"2017-10-02T11:59:48","slug":"scientific-research","status":"publish","type":"page","link":"https:\/\/www.esf.international\/de\/scientific-research\/","title":{"rendered":"Wissenschaftliche Forschung"},"content":{"rendered":"<p>Gutes Aal-Management basiert auf solidem Wissen. Das ist der Grund, warum ESA-Mitglieder wissenschaftliche Forschung initiieren und finanzieren. Ein Beispiel ist die Forschung \u00fcber die Vermehrung von Aalen in Gefangenschaft, durchgef\u00fchrt von der Universit\u00e4t Wageningen und Imares.<\/p>\n<p>Obwohl der Aal seit Jahrtausenden Teil unserer Kultur ist, verstehen die Menschen dieses r\u00e4tselhafte Gesch\u00f6pf noch immer nicht. Aristoteles glaubte, Aale entstehen aus Schlamm. Plinius der \u00c4ltere wiederum dachte, dass Aale sich durch das Reiben an Gestein reproduzieren. Zahlreiche Wissenschaftler haben ein ganzes Leben daran gearbeitet, das Wissen \u00fcber diesen wunderbaren Fisch zu erweitern.<\/p>\n<p>Erstmals wurde im Jahr 1923 die ganz kleine Larve in der Sargossosee von einem d\u00e4nischen Biologen gefunden. Wissenschaftler sind nach wie vor davon \u00fcberzeugt, dass der Aal in weiten Teilen des Atlantiks s\u00fcdlich der Bermudas seine Laichgr\u00fcnde hat. Viele Artensch\u00fctzer und Wissenschaftler tr\u00e4umen immer noch davon, als erster bezeugen zu k\u00f6nnen, wie der Aal in der freien Wildbahn laicht. Den internationalen Bestand an S\u00fc\u00dfwasseraalen zu bestimmen erweist sich als schwierig, aufgrund der verstreuten Verbreitung und des nachtaktiven und r\u00e4tselhaften Verhaltens, zu dem es nur wenige Daten gibt, und durch das mangelnde Verst\u00e4ndnis des Zusammenhangs zwischen Rekrutierung, S\u00fc\u00dfwasserpopulationen und R\u00fcckwanderung. Zahlreiche Fragen sind offen und unbeantwortet, woraus folgt, dass die Wissenschaft den Aal besser erforschen und ein besseres Verst\u00e4ndnis sowie ein breiteres Wissen aufbauen muss.<\/p>\n<p>Der Aal existiert seit etwa 100 Millionen Jahren. Er hat die Eiszeiten \u00fcberlebt und sich gwaltigen klimatischen und kontinentalen \u00c4nderungen angepasst. Die Fragen, wie sie \u00fcberleben k\u00f6nnen und was die Menschen tun m\u00fcssen, damit der Aal wieder im \u00dcberfluss bestehen kann, treiben die ESA-Mitglieder an, wissenschaftliche Forschung zu f\u00f6rdern und zu finanzieren. Beispiele dieser wissenschaftlichen Forschung sind: Erforschung der Fortpflanzung der Aale in Gefangenschaft, Forschung im Bereich der Larvenern\u00e4hrung, Forschung zu Themen wie \u00dcberleben, Verhalten an Schleusen, den Wanderungen der Blankaale sowie die Sammlung und Analyse von Daten. ESF gibt Universit\u00e4ten die M\u00f6glichkeit zu weiterer Forschung rund um den Aal.<\/p>","protected":false},"excerpt":{"rendered":"<p>Gutes Aal-Management basiert auf solidem Wissen. Das ist der Grund, warum ESA-Mitglieder wissenschaftliche Forschung initiieren und finanzieren. Ein Beispiel ist <a class=\"more-link\" href=\"https:\/\/www.esf.international\/de\/scientific-research\/\">Lees verder&#8230;<\/a><\/p>\n","protected":false},"author":1,"featured_media":0,"parent":0,"menu_order":0,"comment_status":"closed","ping_status":"closed","template":"","meta":{"_exactmetrics_skip_tracking":false,"_exactmetrics_sitenote_active":false,"_exactmetrics_sitenote_note":"","_exactmetrics_sitenote_category":0,"footnotes":""},"class_list":["post-78","page","type-page","status-publish","hentry"],"_links":{"self":[{"href":"https:\/\/www.esf.international\/de\/wp-json\/wp\/v2\/pages\/78","targetHints":{"allow":["GET"]}}],"collection":[{"href":"https:\/\/www.esf.international\/de\/wp-json\/wp\/v2\/pages"}],"about":[{"href":"https:\/\/www.esf.international\/de\/wp-json\/wp\/v2\/types\/page"}],"author":[{"embeddable":true,"href":"https:\/\/www.esf.international\/de\/wp-json\/wp\/v2\/users\/1"}],"replies":[{"embeddable":true,"href":"https:\/\/www.esf.international\/de\/wp-json\/wp\/v2\/comments?post=78"}],"version-history":[{"count":12,"href":"https:\/\/www.esf.international\/de\/wp-json\/wp\/v2\/pages\/78\/revisions"}],"predecessor-version":[{"id":432,"href":"https:\/\/www.esf.international\/de\/wp-json\/wp\/v2\/pages\/78\/revisions\/432"}],"wp:attachment":[{"href":"https:\/\/www.esf.international\/de\/wp-json\/wp\/v2\/media?parent=78"}],"curies":[{"name":"wp","href":"https:\/\/api.w.org\/{rel}","templated":true}]}}