{"id":80,"date":"2016-02-03T14:45:51","date_gmt":"2016-02-03T13:45:51","guid":{"rendered":"https:\/\/www.esf.international\/?page_id=80"},"modified":"2019-06-19T13:15:35","modified_gmt":"2019-06-19T12:15:35","slug":"eel-stewardship-association","status":"publish","type":"page","link":"https:\/\/www.esf.international\/de\/eel-stewardship-association\/","title":{"rendered":"Eel Stewardship Association"},"content":{"rendered":"<p>Die Eel Stewardship Association (ESA) ist Gr\u00fcnder des Eel Stewardship Fund und Inhaber der ESF Handelsmarke. Die ESA wurde 2015 von Industrieverb\u00e4nden in den Niederlanden und Deutschland gegr\u00fcndet und es besteht die Hoffnung, dass sich auch weitere L\u00e4nder beteiligen. Das Hauptziel ist es, die Wiederauff\u00fcllung des Aalbestandes in Europa zu beschleunigen und Ma\u00dfnahmen zu ergreifen, die eine nachhaltige Nutzung der Best\u00e4nde sicherstellen.<\/p>\n<p>Die ESA ist eine Verwaltungsorganisation. Da die Einnahmen des ESF den jeweiligen Mitglieds-Staaten geh\u00f6ren, werden die eigentlichen Aktivit\u00e4ten von den ESA-Mitgliedern durchgef\u00fchrt.<\/p>\n<p>Die Mitglieder der ESA erhalten aus dem Eel Stewardship Fund Mittel, die durch den Verkauf von Aalen zum Verzehr in den jeweiligen L\u00e4ndern eingenommen wurden. Weitere Mittel flie\u00dfen \u2013 neben dem Verkauf \u2013 auch von Lebensmittelherstellern, sowie durch Zusch\u00fcsse und Spenden. Dank des Sustainable Eel Fund ist es den ESA-Mitgliedern m\u00f6glich, eine Vielzahl von Erhaltungsaktivit\u00e4ten zu finanzieren.<\/p>\n<p>&nbsp;<\/p>","protected":false},"excerpt":{"rendered":"<p>Die Eel Stewardship Association (ESA) ist Gr\u00fcnder des Eel Stewardship Fund und Inhaber der ESF Handelsmarke. Die ESA wurde 2015 <a class=\"more-link\" href=\"https:\/\/www.esf.international\/de\/eel-stewardship-association\/\">Lees verder&#8230;<\/a><\/p>\n","protected":false},"author":1,"featured_media":0,"parent":0,"menu_order":0,"comment_status":"closed","ping_status":"closed","template":"","meta":{"_exactmetrics_skip_tracking":false,"_exactmetrics_sitenote_active":false,"_exactmetrics_sitenote_note":"","_exactmetrics_sitenote_category":0,"footnotes":""},"class_list":["post-80","page","type-page","status-publish","hentry"],"_links":{"self":[{"href":"https:\/\/www.esf.international\/de\/wp-json\/wp\/v2\/pages\/80","targetHints":{"allow":["GET"]}}],"collection":[{"href":"https:\/\/www.esf.international\/de\/wp-json\/wp\/v2\/pages"}],"about":[{"href":"https:\/\/www.esf.international\/de\/wp-json\/wp\/v2\/types\/page"}],"author":[{"embeddable":true,"href":"https:\/\/www.esf.international\/de\/wp-json\/wp\/v2\/users\/1"}],"replies":[{"embeddable":true,"href":"https:\/\/www.esf.international\/de\/wp-json\/wp\/v2\/comments?post=80"}],"version-history":[{"count":18,"href":"https:\/\/www.esf.international\/de\/wp-json\/wp\/v2\/pages\/80\/revisions"}],"predecessor-version":[{"id":502,"href":"https:\/\/www.esf.international\/de\/wp-json\/wp\/v2\/pages\/80\/revisions\/502"}],"wp:attachment":[{"href":"https:\/\/www.esf.international\/de\/wp-json\/wp\/v2\/media?parent=80"}],"curies":[{"name":"wp","href":"https:\/\/api.w.org\/{rel}","templated":true}]}}