{"id":88,"date":"2016-02-03T15:18:29","date_gmt":"2016-02-03T14:18:29","guid":{"rendered":"https:\/\/www.esf.international\/?page_id=88"},"modified":"2017-10-02T13:01:43","modified_gmt":"2017-10-02T12:01:43","slug":"dupan","status":"publish","type":"page","link":"https:\/\/www.esf.international\/de\/dupan\/","title":{"rendered":"DUPAN"},"content":{"rendered":"<p>DUPAN ist die niederl\u00e4ndische Stiftung der Aal-H\u00e4ndler (NeVePaling), der niederl\u00e4ndische Verband der Fischz\u00fcchter (NEVEVI) und die Organisation der professionellen Fischer (netVISwerk). Das Ziel der Stiftung ist es, die Bestandsauff\u00fcllung des Europ\u00e4ischen Aals zu erreichen.<\/p>\n<p>Die DUPAN Stiftung ergreift Ma\u00dfnahmen, die zu einer nachhaltigen Wiederauff\u00fcllung des Aalbestandes in den niederl\u00e4ndischen und europ\u00e4ischen Binnengew\u00e4ssern beitr\u00e4gt. Zus\u00e4tzlich arbeitet DUPAN an nachhaltigen L\u00f6sungen f\u00fcr den Fang und die Aufzucht von Aalen sowie f\u00fcr umwelt- und tierfreundliche Abl\u00e4ufe und f\u00f6rdert die wissenschaftliche Erforschung des Aals. Dadurch strebt die DUPAN Stiftung einen nachhaltigen Erhalt des niederl\u00e4ndischen Aals und der Aal-Branche an.<\/p>\n<p>&nbsp;<\/p>\n<p><a href=\"http:\/\/www.dupan.nl\" target=\"_blank\"><button class=\"button-groen\">www.dupan.nl<\/button><\/a><\/p>","protected":false},"excerpt":{"rendered":"<p>DUPAN ist die niederl\u00e4ndische Stiftung der Aal-H\u00e4ndler (NeVePaling), der niederl\u00e4ndische Verband der Fischz\u00fcchter (NEVEVI) und die Organisation der professionellen Fischer <a class=\"more-link\" href=\"https:\/\/www.esf.international\/de\/dupan\/\">Lees verder&#8230;<\/a><\/p>\n","protected":false},"author":1,"featured_media":0,"parent":0,"menu_order":0,"comment_status":"closed","ping_status":"closed","template":"","meta":{"_exactmetrics_skip_tracking":false,"_exactmetrics_sitenote_active":false,"_exactmetrics_sitenote_note":"","_exactmetrics_sitenote_category":0,"footnotes":""},"class_list":["post-88","page","type-page","status-publish","hentry"],"_links":{"self":[{"href":"https:\/\/www.esf.international\/de\/wp-json\/wp\/v2\/pages\/88","targetHints":{"allow":["GET"]}}],"collection":[{"href":"https:\/\/www.esf.international\/de\/wp-json\/wp\/v2\/pages"}],"about":[{"href":"https:\/\/www.esf.international\/de\/wp-json\/wp\/v2\/types\/page"}],"author":[{"embeddable":true,"href":"https:\/\/www.esf.international\/de\/wp-json\/wp\/v2\/users\/1"}],"replies":[{"embeddable":true,"href":"https:\/\/www.esf.international\/de\/wp-json\/wp\/v2\/comments?post=88"}],"version-history":[{"count":12,"href":"https:\/\/www.esf.international\/de\/wp-json\/wp\/v2\/pages\/88\/revisions"}],"predecessor-version":[{"id":436,"href":"https:\/\/www.esf.international\/de\/wp-json\/wp\/v2\/pages\/88\/revisions\/436"}],"wp:attachment":[{"href":"https:\/\/www.esf.international\/de\/wp-json\/wp\/v2\/media?parent=88"}],"curies":[{"name":"wp","href":"https:\/\/api.w.org\/{rel}","templated":true}]}}