{"id":102,"date":"2016-02-03T15:33:35","date_gmt":"2016-02-03T14:33:35","guid":{"rendered":"https:\/\/www.esf.international\/?page_id=102"},"modified":"2019-11-06T10:11:22","modified_gmt":"2019-11-06T09:11:22","slug":"sustainable-eel-group","status":"publish","type":"page","link":"https:\/\/www.esf.international\/fr\/sustainable-eel-group\/","title":{"rendered":"Sustainable Eel Group"},"content":{"rendered":"<p>Le\u00a0<em>Sustainable Eel Group\u00a0(SEG) <\/em>est une organisation europ\u00e9enne qui s\u2019enqu\u00eate avec des partenaires diff\u00e9rents sur la conservation et la remise en \u00e9tat de la population des anguilles. L\u2019organisation, fond\u00e9e en 2010 \u00e0 Londres en tant qu\u2019une entreprise <em>not for profit<\/em>, (sans but lucratif), a \u00e9volu\u00e9 vers une organisation europ\u00e9enne comptant trois commissions ind\u00e9pendantes de scientifiques, d\u2019organisations de d\u00e9fense de la nature et du secteur m\u00eame.<\/p>\n<p><strong>La mission:<\/strong><\/p>\n<p>Populations d\u2019anguilles saines, r\u00e9parties dans des domaines naturels divers o\u00f9 elles peuvent remplir leur r\u00f4le dans l\u2019\u00e9cosyst\u00e8me aquatique et supporter ainsi l\u2019usage durable en ce qui concerne les hommes, les \u00e9conomies et les traditions. Ce qui est totalement conforme \u00e0 la d\u00e9claration de l\u2019IUCN: \u201cUn commerce bien r\u00e9gularis\u00e9 peut fournir une contribution positive \u00e0 la pr\u00e9servation d\u2019une esp\u00e8ce animale menac\u00e9e.\u201d<\/p>\n<p><strong>L\u2019objectif<\/strong>:<\/p>\n<p>\u00catre un partenaire respect\u00e9 qui s\u2019engage \u00e0 rendre possible et favoriser la conservation et la gestion de l\u2019anguille. Le SEG veut s\u2019adresser dans ce cadre \u00e0 chacun qui est responsable d\u2019une population d\u2019anguilles saines en vue d\u2019un processus transparent et effectif.<\/p>\n<p><strong>Les ambitions:<\/strong><\/p>\n<ul>\n<li>Contribuer \u00e0 r\u00e9aliser les ambitions de la R\u00e9gularisation de l\u2019Anguille de l\u2019UE.<\/li>\n<li>Initier, d\u00e9chiffrer et appliquer des recherches scientifiques afin de faciliter un processus d\u00e9cisionnel efficace concernant la r\u00e9glementation relative \u00e0 l\u2019anguille.<\/li>\n<li>Concerter avec les d\u00e9cideurs politiques au Royaume Uni et dans l\u2019UE.<\/li>\n<li>Propager la p\u00eache bien r\u00e9gularis\u00e9e et durable, susceptible d\u2019encourager les communaut\u00e9s, \u00e9conomies locales et traditions.<\/li>\n<li>Promouvoir une meilleure compr\u00e9hension de la probl\u00e9matique de l\u2019anguille aupr\u00e8s d\u2019un large public.<\/li>\n<li>D\u00e9velopper un syst\u00e8me de tra\u00e7abilit\u00e9 permettant d\u2019\u00e9liminer la p\u00eache non r\u00e9gul\u00e9e.<\/li>\n<li>Syndicats des eaux qui fonctionnent en conformit\u00e9 avec la l\u00e9gislation de l\u2019UE.<\/li>\n<li>Assurer que l\u2019anguille constitue une partie importante des \u00e9cosyst\u00e8mes aquatiques.<\/li>\n<li>La croissance de la population des anguilles.<\/li>\n<\/ul>\n<p><strong>D\u00e9veloppement durable<\/strong>:<\/p>\n<ul>\n<li>Le SEG agit conform\u00e9ment \u00e0 la d\u00e9finition Brundtland des Nations Unies: \u201cL\u2019utilisation est durable si les besoins de la g\u00e9n\u00e9ration actuelle sont satisfaits, sans compromettre l\u2019accomplissement des besoins de g\u00e9n\u00e9rations futures.\u201d<\/li>\n<\/ul>\n<p><a href=\"http:\/\/www.sustainableeelgroup.com\/the-sustainable-eel-standard\/sustainable-eel-standard-v5\/\"><strong>La Sustainable Eel Standard<\/strong><\/a><strong> du SEG<\/strong><strong>:\u00a0<\/strong><\/p>\n<p>Un des jalons les plus importants de durabilit\u00e9 que le SEG a atteint est la norme\u00a0<em>Standard for fishery, collectors, farmers, traders and smokeries: la Sustainable Eel Standard<\/em>.<\/p>\n<p>Le SEG ne supporte que les p\u00eaches et p\u00eacheries qui respectent les directives de la norme. Cette norme, r\u00e9alis\u00e9e par des scientifiques de l\u2019anguille et des protecteurs de la nature, est bas\u00e9e sur les directives de l\u2019ICES, compl\u00e9t\u00e9e de perceptions du secteur.<\/p>\n<p>Le SEG constate une progression toujours grandissante d\u2019entreprises qui acceptent la norme. Le respect de la norme est v\u00e9rifi\u00e9 par une instance ind\u00e9pendante. La norme est analys\u00e9e actuellement en vue de l\u2019accr\u00e9ditation par\u00a0l\u2019ISEAL (<em>The International Social and Environmental Accreditation and Labelling Alliance<\/em>), l\u2019organisation approuvant les marques de salubrit\u00e9, telles que celles de MSC et ASC. Le WWF (Fonds mondial pour la nature) est d\u2019avis que l\u2019accr\u00e9ditation ISEAL est essentielle quand il s\u2019agit de durabilit\u00e9.<\/p>","protected":false},"excerpt":{"rendered":"<p>Le\u00a0Sustainable Eel Group\u00a0(SEG) est une organisation europ\u00e9enne qui s\u2019enqu\u00eate avec des partenaires diff\u00e9rents sur la conservation et la remise en <a class=\"more-link\" href=\"https:\/\/www.esf.international\/fr\/sustainable-eel-group\/\">Lees verder&#8230;<\/a><\/p>\n","protected":false},"author":1,"featured_media":0,"parent":0,"menu_order":0,"comment_status":"closed","ping_status":"closed","template":"","meta":{"_exactmetrics_skip_tracking":false,"_exactmetrics_sitenote_active":false,"_exactmetrics_sitenote_note":"","_exactmetrics_sitenote_category":0,"footnotes":""},"class_list":["post-102","page","type-page","status-publish","hentry"],"_links":{"self":[{"href":"https:\/\/www.esf.international\/fr\/wp-json\/wp\/v2\/pages\/102","targetHints":{"allow":["GET"]}}],"collection":[{"href":"https:\/\/www.esf.international\/fr\/wp-json\/wp\/v2\/pages"}],"about":[{"href":"https:\/\/www.esf.international\/fr\/wp-json\/wp\/v2\/types\/page"}],"author":[{"embeddable":true,"href":"https:\/\/www.esf.international\/fr\/wp-json\/wp\/v2\/users\/1"}],"replies":[{"embeddable":true,"href":"https:\/\/www.esf.international\/fr\/wp-json\/wp\/v2\/comments?post=102"}],"version-history":[{"count":24,"href":"https:\/\/www.esf.international\/fr\/wp-json\/wp\/v2\/pages\/102\/revisions"}],"predecessor-version":[{"id":507,"href":"https:\/\/www.esf.international\/fr\/wp-json\/wp\/v2\/pages\/102\/revisions\/507"}],"wp:attachment":[{"href":"https:\/\/www.esf.international\/fr\/wp-json\/wp\/v2\/media?parent=102"}],"curies":[{"name":"wp","href":"https:\/\/api.w.org\/{rel}","templated":true}]}}