{"id":191,"date":"2016-03-21T17:09:27","date_gmt":"2016-03-21T16:09:27","guid":{"rendered":"https:\/\/www.esf.international\/?page_id=191"},"modified":"2017-10-02T13:08:49","modified_gmt":"2017-10-02T12:08:49","slug":"scientific-background-and-links","status":"publish","type":"page","link":"https:\/\/www.esf.international\/fr\/scientific-background-and-links\/","title":{"rendered":"L\u2019anguille et ICES"},"content":{"rendered":"<p>L\u2019ICES et surtout l\u2019EIFAC donnent des conseils \u00e0 la Commission Europ\u00e9enne sur une base annuelle. Le message le plus important \u00e0 cet \u00e9gard est invariable d\u00e9j\u00e0 depuis dix ans\u00a0: il faut r\u00e9duire l\u2019influence n\u00e9gative de l\u2019homme sur la population des anguilles jusqu\u2019\u00e0 un niveau aussi pr\u00e8s que possible de z\u00e9ro.<\/p>\n<p>Le texte anglais exact est comme suit:<\/p>\n<p><em>ICES advises that when the precautionary approach is applied for European eel, all anthropogenic mortality (e.g. recreational and commercial fishing on all stages, hydropower, pumping stations, and pollution) affecting production and escapement of silver eels should be reduced to \u2013 or kept as close to \u2013 zero as possible.<\/em><\/p>\n<p>Ce conseil est un principe de pr\u00e9caution: le volume du stock des anguilles n\u2019est pas mesurable, tandis que le d\u00e9veloppement de leur population est impr\u00e9visible en raison du cycle de vie complexe de l\u2019anguille.<\/p>\n<p>Faute d\u2019informations fiables sur la population des anguilles, l\u2019arriv\u00e9e des civelles est utilis\u00e9e en tant qu\u2019indicateur pour la population enti\u00e8re.<img loading=\"lazy\" decoding=\"async\" class=\" wp-image-192 aligncenter\" src=\"https:\/\/www.esf.international\/wp-content\/uploads\/2016\/03\/Schermafbeelding-2016-03-21-om-17.08.21-300x224.png\" alt=\"Schermafbeelding 2016-03-21 om 17.08.21\" width=\"360\" height=\"269\" srcset=\"https:\/\/www.esf.international\/wp-content\/uploads\/2016\/03\/Schermafbeelding-2016-03-21-om-17.08.21-300x224.png 300w, https:\/\/www.esf.international\/wp-content\/uploads\/2016\/03\/Schermafbeelding-2016-03-21-om-17.08.21.png 530w\" sizes=\"auto, (max-width: 360px) 100vw, 360px\" \/><\/p>\n<p>Le rapport total de l\u2019ICES est disponible en utilisant le lien suivant <em>(Le lien ne fonctionne pas)<\/em>.<\/p>\n<p>Le conseil scientifique de l\u2019ICES a \u00e9t\u00e9 utilis\u00e9 lors de la r\u00e9daction du <em>Council Eel Regulation <\/em>(EC) 1100\/2007 du 18 Septembre 2007. Cette commission d\u00e9finit la l\u00e9gislation relative \u00e0 la remise en \u00e9tat du stock des anguilles europ\u00e9ennes.<\/p>\n<p>L\u2019anguille a de la chance en fait qu\u2019il y a tant d\u2019attention et de l\u00e9gislation. Tous les \u00e9tats membres o\u00f9 l\u2019anguille se pr\u00e9sente sont oblig\u00e9s de respecter les dispositions de la commission. Les th\u00e8mes les plus importants ont \u00e9t\u00e9 diff\u00e9renci\u00e9s dans plusieurs articles dans la <em>Regulation<\/em>.<\/p>\n<p>L\u2019article premier d\u00e9crit l\u2019objectif principal de la r\u00e9glementation: <em>\u201c The Regulation establishes a framework for the protection and sustainable use of the stock\u201d<\/em><\/p>\n<p>L\u2019article 2 est d\u00e9di\u00e9 aux pays membres qui s\u2019occupent de la r\u00e9alisation d\u2019Eel Management Plans (EMPs) (Plans de Gestion des Anguilles)\u00a0<em>\u201cwhose objectives shall be to reduce anthropogenic mortalities so as to permit with high probability the escapement to the sea of at least 40% of the silver eel biomass relative to the best estimate of escapement that would have existed if no anthropogenic influences has impacted on the stock\u201d.\u00a0:<\/em><\/p>\n<p>L\u2019article 2 continue avec l\u2019identification d\u2019un certain nombre de mesures pour l\u2019EMP:<br \/>\n* \u2022\u00a0\u00a0\u00a0 La r\u00e9duction de la capture commerciale<br \/>\n* \u2022\u00a0\u00a0\u00a0 La limitation de la p\u00eache sportive<br \/>\n* \u2022\u00a0\u00a0\u00a0 Mesures de r\u00e9tablissement<br \/>\n* \u2022\u00a0\u00a0\u00a0 Mesures structurelles destin\u00e9es \u00e0 rendre les rivi\u00e8res plus accessibles<br \/>\n* \u2022\u00a0\u00a0\u00a0 Le transport d\u2019anguilles de l\u2019eau douce aux eaux leur permettant de nager librement vers la mer des Sargasses<br \/>\n* \u2022\u00a0\u00a0\u00a0 Pr\u00e9dation naturelle (pr\u00e9dateurs)<br \/>\n* \u2022\u00a0\u00a0\u00a0 La mise hors service temporaire de turbines hydrauliques<br \/>\n* \u2022\u00a0\u00a0\u00a0 Mesures concernant le syst\u00e8me aquatique local<\/p>\n<p>L\u2019article 7: Mesures visant le r\u00e9tablissement<br \/>\n* \u2022 Il est n\u00e9cessaire que l\u2019\u00e9tat membre r\u00e9serve au moins 60% des civelles pour le repeuplement aux endroits o\u00f9 la p\u00eache des civelles est permise,<br \/>\n* \u2022\u00a0\u00a0\u00a0 Il faut que le niveau de 60% soit atteint au 31 Juillet 2013.<br \/>\n* \u2022\u00a0\u00a0\u00a0 Afin d\u2019\u00eatre s\u00fbr qu\u2019un pourcentage de 60% est utilis\u00e9 dans les programmes de r\u00e9tablissement, les pays membres sont oblig\u00e9s d\u2019\u00e9tablir des rapports corrects.<\/p>\n<p>* \u2022\u00a0\u00a0\u00a0 L\u2019article 9 Probl\u00e8mes, Rapports et Evaluations<br \/>\n* \u2022\u00a0\u00a0\u00a0 Les \u00e9tats membres doivent rendre compte \u00e0 la Commission tous les 3 ans<br \/>\n* \u2022\u00a0\u00a0\u00a0 La Commission propose des mesures destin\u00e9es \u00e0 acc\u00e9l\u00e9rer le r\u00e9tablissement.<\/p>","protected":false},"excerpt":{"rendered":"<p>L\u2019ICES et surtout l\u2019EIFAC donnent des conseils \u00e0 la Commission Europ\u00e9enne sur une base annuelle. Le message le plus important <a class=\"more-link\" href=\"https:\/\/www.esf.international\/fr\/scientific-background-and-links\/\">Lees verder&#8230;<\/a><\/p>\n","protected":false},"author":1,"featured_media":0,"parent":0,"menu_order":0,"comment_status":"closed","ping_status":"closed","template":"","meta":{"_exactmetrics_skip_tracking":false,"_exactmetrics_sitenote_active":false,"_exactmetrics_sitenote_note":"","_exactmetrics_sitenote_category":0,"footnotes":""},"class_list":["post-191","page","type-page","status-publish","hentry"],"_links":{"self":[{"href":"https:\/\/www.esf.international\/fr\/wp-json\/wp\/v2\/pages\/191","targetHints":{"allow":["GET"]}}],"collection":[{"href":"https:\/\/www.esf.international\/fr\/wp-json\/wp\/v2\/pages"}],"about":[{"href":"https:\/\/www.esf.international\/fr\/wp-json\/wp\/v2\/types\/page"}],"author":[{"embeddable":true,"href":"https:\/\/www.esf.international\/fr\/wp-json\/wp\/v2\/users\/1"}],"replies":[{"embeddable":true,"href":"https:\/\/www.esf.international\/fr\/wp-json\/wp\/v2\/comments?post=191"}],"version-history":[{"count":13,"href":"https:\/\/www.esf.international\/fr\/wp-json\/wp\/v2\/pages\/191\/revisions"}],"predecessor-version":[{"id":445,"href":"https:\/\/www.esf.international\/fr\/wp-json\/wp\/v2\/pages\/191\/revisions\/445"}],"wp:attachment":[{"href":"https:\/\/www.esf.international\/fr\/wp-json\/wp\/v2\/media?parent=191"}],"curies":[{"name":"wp","href":"https:\/\/api.w.org\/{rel}","templated":true}]}}