{"id":196,"date":"2016-03-21T17:13:22","date_gmt":"2016-03-21T16:13:22","guid":{"rendered":"https:\/\/www.esf.international\/?page_id=196"},"modified":"2017-10-02T13:07:38","modified_gmt":"2017-10-02T12:07:38","slug":"iucn-listing","status":"publish","type":"page","link":"https:\/\/www.esf.international\/fr\/iucn-listing\/","title":{"rendered":"L\u2019anguille et l\u2019IUCN"},"content":{"rendered":"<p>L\u2019IUCN,\u00a0<em>International Union for Conservation of Nature<\/em>, est l\u2019organisation internationale de protection de la nature la plus ancienne et la plus grande. Plus de 185 pays travaillent ensemble \u00e0 l\u2019int\u00e9rieur de l\u2019IUCN \u00e0 r\u00e9aliser des solutions \u00e0 des questions importantes concernant l\u2019environnement et le d\u00e9veloppement.<\/p>\n<p>Il est impossible de d\u00e9finir le volume de la population des anguilles en raison des donn\u00e9es de recherches limit\u00e9es et les connaissances r\u00e9duites de leur comportement, de leur habitat immense, et par exemple du nombre d\u2019anguilles adultes en migration de l\u2019eau douce vers l\u2019eau sal\u00e9e. Il n\u2019y a pas de donn\u00e9es concernant ce qui se passe entre l\u2019arriv\u00e9e des jeunes anguilles aux c\u00f4tes et le retour des anguilles adultes \u00e0 la mer. En outre, l\u2019Anguilla anguilla est une esp\u00e8ce qui fraie au hasard. Les jeunes n\u2019ont pas l\u2019instinct, par cons\u00e9quent, de retourner vers la r\u00e9gion o\u00f9 ils ont grandi, mais ils se laissent flotter vers un endroit, quelque part en Europe.<\/p>\n<p>Le comportement de l\u2019anguille dans l\u2019oc\u00e9an est quasi-inconnu. Puisqu\u2019il y a relativement peu de temps entre la naissance des civelles et l\u2019arriv\u00e9e aux c\u00f4tes, la quantit\u00e9 de civelles capt\u00e9es constitue un indicateur fiable de la population des anguilles. Ceci d\u00e9pend surtout des circonstances de l\u2019anguille dans l\u2019oc\u00e9an. En vertu de ces donn\u00e9es de capture, l\u2019IUCN a qualifi\u00e9 l\u2019anguille europ\u00e9enne de \u201cmenac\u00e9e gravement\u201d. Puisqu\u2019il y a si peu d\u2019informations, cette d\u00e9cision a \u00e9t\u00e9 prise en fonction du Threat Classification Scheme (de la Classification des Menaces) de l\u2019IUCN. Il ne s\u2019agit pas pourtant d\u2019une d\u00e9termination d\u00e9finitive. Faute de donn\u00e9es concr\u00e8tes concernant la population des anguilles, l\u2019IUCN applique un principe de pr\u00e9caution.<\/p>","protected":false},"excerpt":{"rendered":"<p>L\u2019IUCN,\u00a0International Union for Conservation of Nature, est l\u2019organisation internationale de protection de la nature la plus ancienne et la plus <a class=\"more-link\" href=\"https:\/\/www.esf.international\/fr\/iucn-listing\/\">Lees verder&#8230;<\/a><\/p>\n","protected":false},"author":1,"featured_media":0,"parent":0,"menu_order":0,"comment_status":"closed","ping_status":"closed","template":"","meta":{"_exactmetrics_skip_tracking":false,"_exactmetrics_sitenote_active":false,"_exactmetrics_sitenote_note":"","_exactmetrics_sitenote_category":0,"footnotes":""},"class_list":["post-196","page","type-page","status-publish","hentry"],"_links":{"self":[{"href":"https:\/\/www.esf.international\/fr\/wp-json\/wp\/v2\/pages\/196","targetHints":{"allow":["GET"]}}],"collection":[{"href":"https:\/\/www.esf.international\/fr\/wp-json\/wp\/v2\/pages"}],"about":[{"href":"https:\/\/www.esf.international\/fr\/wp-json\/wp\/v2\/types\/page"}],"author":[{"embeddable":true,"href":"https:\/\/www.esf.international\/fr\/wp-json\/wp\/v2\/users\/1"}],"replies":[{"embeddable":true,"href":"https:\/\/www.esf.international\/fr\/wp-json\/wp\/v2\/comments?post=196"}],"version-history":[{"count":7,"href":"https:\/\/www.esf.international\/fr\/wp-json\/wp\/v2\/pages\/196\/revisions"}],"predecessor-version":[{"id":444,"href":"https:\/\/www.esf.international\/fr\/wp-json\/wp\/v2\/pages\/196\/revisions\/444"}],"wp:attachment":[{"href":"https:\/\/www.esf.international\/fr\/wp-json\/wp\/v2\/media?parent=196"}],"curies":[{"name":"wp","href":"https:\/\/api.w.org\/{rel}","templated":true}]}}