{"id":201,"date":"2016-03-21T17:22:12","date_gmt":"2016-03-21T16:22:12","guid":{"rendered":"https:\/\/www.esf.international\/?page_id=201"},"modified":"2017-10-02T13:07:15","modified_gmt":"2017-10-02T12:07:15","slug":"the-european-eel-anguilla-anguilla","status":"publish","type":"page","link":"https:\/\/www.esf.international\/fr\/the-european-eel-anguilla-anguilla\/","title":{"rendered":"L\u2019anguille europ\u00e9enne"},"content":{"rendered":"<p><em>European eel Lat.:Anguilla anguilla <\/em>est un poisson dit \u201c<em>panmictique<\/em>\u201d, qui est pr\u00e9sent dans un domaine \u00e0 partir du Cap Nord en Norv\u00e8ge, le long de la c\u00f4te de Scandinavie et des Etats Baltiques, des c\u00f4tes\u00a0 de l\u2019Oc\u00e9an Atlantique et de la M\u00e9diterran\u00e9e, y compris la c\u00f4te de l\u2019Afrique du Nord et de l\u2019Afrique occidentale, (Schmidt 1909, Dekker 2003). L\u2019esp\u00e8ce est quasi-introuvable dans la mer Blanche et dans la mer de Barents, bien qu\u2019il y ait des notifications d\u2019anguilles dans la rivi\u00e8re Petchora dans le Nord-Est de la Russie. L\u2019esp\u00e8ce apparait en petites quantit\u00e9s dans la mer Noire, lesquelles se d\u00e9placent de l\u00e0-bas vers les canaux Cuban. Il y a m\u00eame quelques-unes qui atteignent la rivi\u00e8re Volga.<\/p>\n<p>Un rapport du Groupe d\u2019Etude de l\u2019ICES concernant les\u00a0<em>Anguillid Eels in Saline Waters<\/em>\u00a0(SGAESAW) d\u00e9montre qu\u2019il y a des populations d\u2019anguilles vivant tant dans l\u2019eau sal\u00e9e que dans\u00a0l\u2019eau douce, qui font preuve d\u2019une migration aller-retour (ICES\/SGAESAW 2009). Le poisson est pr\u00e9sent dans les eaux int\u00e9rieures de l\u2019Europe, par exemple dans des rivi\u00e8res et dans des lacs. Selon une estimation actuelle, l\u2019habitat de l\u2019anguille europ\u00e9enne s\u2019\u00e9tend sur 90.000 km\u00b2 environ de l\u2019Europe et sur plusieurs parties de l\u2019Afrique. Cet habitat est m\u00eame consid\u00e9rablement plus grand, si les mers sont incluses \u00e9galement.<\/p>\n<p><strong>Culture<\/strong><br \/>\nLes hommes ont des rapports \u00e9troits avec l\u2019anguille depuis des milliers d\u2019ann\u00e9es d\u00e9j\u00e0. Les anguilles ont toujours \u00e9t\u00e9 une source importante d\u2019alimentation et\u00a0elles jouent un r\u00f4le important dans biens des cultures locales et traditions \u00e0 travers toutes l\u2019Europe et l\u2019Afrique du Nord.<\/p>\n<p><strong>Cycle de vie<\/strong><br \/>\nIl est pr\u00e9sum\u00e9 que les anguilles sont n\u00e9es dans la mer des Sargasses. Ceci n\u2019a pas encore \u00e9t\u00e9 d\u00e9termin\u00e9 avec certitude, \u00e9tant donn\u00e9 que le processus de frai n\u2019a jamais \u00e9t\u00e9 observ\u00e9 et qu\u2019il soit difficile de suivre les anguilles vers leur zone de frai. Apr\u00e8s la naissance, les larves flottent en grandes quantit\u00e9s avec le courant sur l\u2019Oc\u00e9an Atlantique. Pendant leur voyage, elles se transforment en civelles. Arriv\u00e9es une fois \u00e0 la c\u00f4te europ\u00e9enne, elles essayent d\u2019atteindre l\u2019eau douce pour continuer leur croissance. Apr\u00e8s dix ans environ, l\u2019anguille adulte retourne \u00e0 la zone de frai afin de s\u2019\u2019y occuper \u00e0 son tour de prog\u00e9niture.<\/p>\n<p><strong>Probl\u00e8mes pour l\u2019anguille<\/strong><br \/>\nLe littoral europ\u00e9en est aujourd\u2019hui prot\u00e9g\u00e9 si parfaitement contre les inondations, que les jeunes anguilles ont beaucoup de peine \u00e0 atteindre l\u2019eau douce. Lorsqu\u2019elles sont adultes, les anguilles ont des probl\u00e8mes bien plus grands pendant leur retour vers l\u2019oc\u00e9an. Les routes de migration bloqu\u00e9es constituent le facteur principal de la r\u00e9duction du nombre d\u2019anguilles dans les 60 \u00e0 70 ann\u00e9es derni\u00e8res. D\u2019autres facteurs, tels que la pollution, les pr\u00e9dateurs et la surp\u00eache rendent la situation encore plus pr\u00e9occupante. C\u2019est pourquoi la population des anguilles est prot\u00e9g\u00e9e d\u00e9sormais par l\u2019interm\u00e9diaire de l\u2019<em>European Eel Regulation<\/em>.<\/p>\n<p><strong>L\u2019anguille a besoin de notre aide<br \/>\n<\/strong>L\u2019<em>Eel Stewardship Fund<\/em>\u00a0a \u00e9t\u00e9 fond\u00e9 pour faciliter des activit\u00e9s qui contribuent \u00e0 la remise en \u00e9tat de la population des anguilles en Europe. Plusieurs de ces activit\u00e9s visent le r\u00e9tablissement du cycle de vie interrompu, notamment le repeuplement de jeunes anguilles en eau douce et l\u2019assistance offerte aux anguilles adultes pour arriver \u00e0 la mer.<\/p>","protected":false},"excerpt":{"rendered":"<p>European eel Lat.:Anguilla anguilla est un poisson dit \u201cpanmictique\u201d, qui est pr\u00e9sent dans un domaine \u00e0 partir du Cap Nord <a class=\"more-link\" href=\"https:\/\/www.esf.international\/fr\/the-european-eel-anguilla-anguilla\/\">Lees verder&#8230;<\/a><\/p>\n","protected":false},"author":1,"featured_media":0,"parent":0,"menu_order":0,"comment_status":"closed","ping_status":"closed","template":"","meta":{"_exactmetrics_skip_tracking":false,"_exactmetrics_sitenote_active":false,"_exactmetrics_sitenote_note":"","_exactmetrics_sitenote_category":0,"footnotes":""},"class_list":["post-201","page","type-page","status-publish","hentry"],"_links":{"self":[{"href":"https:\/\/www.esf.international\/fr\/wp-json\/wp\/v2\/pages\/201","targetHints":{"allow":["GET"]}}],"collection":[{"href":"https:\/\/www.esf.international\/fr\/wp-json\/wp\/v2\/pages"}],"about":[{"href":"https:\/\/www.esf.international\/fr\/wp-json\/wp\/v2\/types\/page"}],"author":[{"embeddable":true,"href":"https:\/\/www.esf.international\/fr\/wp-json\/wp\/v2\/users\/1"}],"replies":[{"embeddable":true,"href":"https:\/\/www.esf.international\/fr\/wp-json\/wp\/v2\/comments?post=201"}],"version-history":[{"count":31,"href":"https:\/\/www.esf.international\/fr\/wp-json\/wp\/v2\/pages\/201\/revisions"}],"predecessor-version":[{"id":443,"href":"https:\/\/www.esf.international\/fr\/wp-json\/wp\/v2\/pages\/201\/revisions\/443"}],"wp:attachment":[{"href":"https:\/\/www.esf.international\/fr\/wp-json\/wp\/v2\/media?parent=201"}],"curies":[{"name":"wp","href":"https:\/\/api.w.org\/{rel}","templated":true}]}}