{"id":256,"date":"2016-03-25T13:30:55","date_gmt":"2016-03-25T12:30:55","guid":{"rendered":"https:\/\/www.esf.international\/?page_id=256"},"modified":"2017-10-02T13:09:16","modified_gmt":"2017-10-02T12:09:16","slug":"unblocking-migratory-pathways","status":"publish","type":"page","link":"https:\/\/www.esf.international\/fr\/unblocking-migratory-pathways\/","title":{"rendered":"La solution des obstacles migratoires"},"content":{"rendered":"<p>Les anguilles rencontrent un grand nombre d\u2019obstacles lors de la migration de la mer et vers la mer. La c\u00f4te europ\u00e9enne est partout fortement prot\u00e9g\u00e9e. Le nombre restreint de jeunes anguilles qui r\u00e9ussit \u00e0 se glisser \u00e0 travers ces barri\u00e8res, rencontre ensuite d\u2019innombrables obstacles dangereux tels que stations de pompage et centrales hydro\u00e9lectriques. Ces obstacles limitent leur libert\u00e9 de mouvement pendant toute leur vie, entre les 3 et 15 ans (ce qui d\u00e9pend de leur habitat et de la temp\u00e9rature de l\u2019eau). D\u00e8s que les anguilles veulent retourner \u00e0 la mer, elles sont confront\u00e9es au d\u00e9fi d\u2019y passer!<\/p>\n<p>La lev\u00e9e des barri\u00e8res innombrables dans les routes de migration peut \u00eatre consid\u00e9r\u00e9e uniquement comme un plan \u00e0 long terme en raison des frais \u00e9normes. C\u2019est pourquoi il y a des projets en ex\u00e9cution dans\u00a0l\u2019Europe enti\u00e8re visant \u00e0 aider les anguilles adultes reproductrices \u00e0 court terme \u00e0 \u00e9chapper \u00e0 la mort dans une pompe ou turbine (\u2018\u2019Paling Over De Dijk\u2019\u2019). Ce sont des projets \u00e0 forte intensit\u00e9 de main-d&rsquo;oeuvre et leur nombre est encore limit\u00e9 malheureusement.<\/p>\n<p>Il est primordial, en vue des routes de migration vers l\u2019int\u00e9rieur, de l\u2019eau sal\u00e9e \u00e0 l\u2019eau douce, que le plus grand nombre possible d\u2019anguilles est aid\u00e9 \u00e0 passer les barri\u00e8res. C\u2019est pourquoi l\u2019ESF assiste les jeunes anguilles sur leur route en direction de l\u2019eau douce d\u2019initiatives diverses.<\/p>\n<p>L\u2019Eel Stewardship Fund supporte plusieurs projets destin\u00e9s \u00e0 aider les anguilles. L\u2019ESF offre en plus les connaissances et le soutien financier aux projets \u00e0 long terme visant le r\u00e9tablissement de la population de l\u2019anguille en Europe.<\/p>","protected":false},"excerpt":{"rendered":"<p>Les anguilles rencontrent un grand nombre d\u2019obstacles lors de la migration de la mer et vers la mer. La c\u00f4te <a class=\"more-link\" href=\"https:\/\/www.esf.international\/fr\/unblocking-migratory-pathways\/\">Lees verder&#8230;<\/a><\/p>\n","protected":false},"author":1,"featured_media":0,"parent":0,"menu_order":0,"comment_status":"closed","ping_status":"closed","template":"","meta":{"_exactmetrics_skip_tracking":false,"_exactmetrics_sitenote_active":false,"_exactmetrics_sitenote_note":"","_exactmetrics_sitenote_category":0,"footnotes":""},"class_list":["post-256","page","type-page","status-publish","hentry"],"_links":{"self":[{"href":"https:\/\/www.esf.international\/fr\/wp-json\/wp\/v2\/pages\/256","targetHints":{"allow":["GET"]}}],"collection":[{"href":"https:\/\/www.esf.international\/fr\/wp-json\/wp\/v2\/pages"}],"about":[{"href":"https:\/\/www.esf.international\/fr\/wp-json\/wp\/v2\/types\/page"}],"author":[{"embeddable":true,"href":"https:\/\/www.esf.international\/fr\/wp-json\/wp\/v2\/users\/1"}],"replies":[{"embeddable":true,"href":"https:\/\/www.esf.international\/fr\/wp-json\/wp\/v2\/comments?post=256"}],"version-history":[{"count":11,"href":"https:\/\/www.esf.international\/fr\/wp-json\/wp\/v2\/pages\/256\/revisions"}],"predecessor-version":[{"id":446,"href":"https:\/\/www.esf.international\/fr\/wp-json\/wp\/v2\/pages\/256\/revisions\/446"}],"wp:attachment":[{"href":"https:\/\/www.esf.international\/fr\/wp-json\/wp\/v2\/media?parent=256"}],"curies":[{"name":"wp","href":"https:\/\/api.w.org\/{rel}","templated":true}]}}