{"id":56,"date":"2016-02-03T14:06:46","date_gmt":"2016-02-03T13:06:46","guid":{"rendered":"https:\/\/www.esf.international\/?page_id=56"},"modified":"2017-10-02T12:47:47","modified_gmt":"2017-10-02T11:47:47","slug":"eel-and-cites","status":"publish","type":"page","link":"https:\/\/www.esf.international\/fr\/eel-and-cites\/","title":{"rendered":"L\u2019anguille et CITES"},"content":{"rendered":"<p>La\u00a0<em>Convention on International Trade in Endangered Species of Wild Fauna and Flora<\/em>\u00a0est une convention internationale entre 181 pays. L\u2019objectif de cette convention consiste \u00e0 garantir que le commerce des animaux et plantes sauvages n\u2019en compromettent pas l\u2019existence. L\u2019anguille europ\u00e9enne a \u00e9t\u00e9 ajout\u00e9e \u00e0 l\u2019Annexe II de CITES afin d\u2019assurer que le commerce de cet esp\u00e8ce animale ait lieu effectivement selon les r\u00e8glements.<\/p>","protected":false},"excerpt":{"rendered":"<p>La\u00a0Convention on International Trade in Endangered Species of Wild Fauna and Flora\u00a0est une convention internationale entre 181 pays. L\u2019objectif de <a class=\"more-link\" href=\"https:\/\/www.esf.international\/fr\/eel-and-cites\/\">Lees verder&#8230;<\/a><\/p>\n","protected":false},"author":1,"featured_media":0,"parent":0,"menu_order":0,"comment_status":"closed","ping_status":"closed","template":"","meta":{"_exactmetrics_skip_tracking":false,"_exactmetrics_sitenote_active":false,"_exactmetrics_sitenote_note":"","_exactmetrics_sitenote_category":0,"footnotes":""},"class_list":["post-56","page","type-page","status-publish","hentry"],"_links":{"self":[{"href":"https:\/\/www.esf.international\/fr\/wp-json\/wp\/v2\/pages\/56","targetHints":{"allow":["GET"]}}],"collection":[{"href":"https:\/\/www.esf.international\/fr\/wp-json\/wp\/v2\/pages"}],"about":[{"href":"https:\/\/www.esf.international\/fr\/wp-json\/wp\/v2\/types\/page"}],"author":[{"embeddable":true,"href":"https:\/\/www.esf.international\/fr\/wp-json\/wp\/v2\/users\/1"}],"replies":[{"embeddable":true,"href":"https:\/\/www.esf.international\/fr\/wp-json\/wp\/v2\/comments?post=56"}],"version-history":[{"count":26,"href":"https:\/\/www.esf.international\/fr\/wp-json\/wp\/v2\/pages\/56\/revisions"}],"predecessor-version":[{"id":426,"href":"https:\/\/www.esf.international\/fr\/wp-json\/wp\/v2\/pages\/56\/revisions\/426"}],"wp:attachment":[{"href":"https:\/\/www.esf.international\/fr\/wp-json\/wp\/v2\/media?parent=56"}],"curies":[{"name":"wp","href":"https:\/\/api.w.org\/{rel}","templated":true}]}}