{"id":61,"date":"2016-02-03T14:22:24","date_gmt":"2016-02-03T13:22:24","guid":{"rendered":"https:\/\/www.esf.international\/?page_id=61"},"modified":"2025-12-23T08:56:30","modified_gmt":"2025-12-23T07:56:30","slug":"how-to-use-esf","status":"publish","type":"page","link":"https:\/\/www.esf.international\/fr\/how-to-use-esf\/","title":{"rendered":"Comment utiliser l\u2019ESF?"},"content":{"rendered":"<p>Les producteurs d\u2019anguilles disposant d\u2019une licence ESF sont autoris\u00e9s \u00e0 utiliser le logo ESF sur leurs emballages et supports de communication marketing. Les grossistes et les magasins peuvent disposer d\u2019une licence client afin de montrer \u00e0 leurs utilisateurs finaux que les anguilles qu\u2019ils vendent contribuent au fonds. Les anguilles vendues sous licence ESF sont administr\u00e9es dans leur pays respectif. Chaque pays membre dispose de son propre compte \u00e0 partir duquel les projets sont financ\u00e9s.<\/p>\n<p>Vous souhaitez savoir comment utiliser le logo ESF ? T\u00e9l\u00e9chargez le manuel.<\/p>\n<p><a href=\"http:\/\/www.esf.international\/wp-content\/uploads\/2024\/03\/ESF-logo-Logo-manual-Z-ENG.pdf\" target=\"_blank\" rel=\"noopener noreferrer\"><br \/>\n<button class=\"button-blauw\">T\u00e9l\u00e9charger le manuel<\/button><br \/>\n<\/a><\/p>\n<p>Vous souhaitez en savoir plus sur l\u2019utilisation de l\u2019ESF ? Veuillez contacter le <a href=\"http:\/\/www.esf.international\/esa-members\/\">membre ESF<\/a> dans votre pays.<\/p>\n<p><a href=\"http:\/\/www.esf.international\/want-to-join-esa-and-esf\/\">Vous souhaitez rejoindre l\u2019ESF ? Veuillez utiliser le formulaire de contact pour votre secteur<\/a>.<br \/>\n<\/p>","protected":false},"excerpt":{"rendered":"<p>Les producteurs d\u2019anguilles disposant d\u2019une licence ESF sont autoris\u00e9s \u00e0 utiliser le logo ESF sur leurs emballages et supports de <a class=\"more-link\" href=\"https:\/\/www.esf.international\/fr\/how-to-use-esf\/\">Lees verder&#8230;<\/a><\/p>\n","protected":false},"author":1,"featured_media":0,"parent":0,"menu_order":0,"comment_status":"closed","ping_status":"closed","template":"","meta":{"_exactmetrics_skip_tracking":false,"_exactmetrics_sitenote_active":false,"_exactmetrics_sitenote_note":"","_exactmetrics_sitenote_category":0,"footnotes":""},"class_list":["post-61","page","type-page","status-publish","hentry"],"_links":{"self":[{"href":"https:\/\/www.esf.international\/fr\/wp-json\/wp\/v2\/pages\/61","targetHints":{"allow":["GET"]}}],"collection":[{"href":"https:\/\/www.esf.international\/fr\/wp-json\/wp\/v2\/pages"}],"about":[{"href":"https:\/\/www.esf.international\/fr\/wp-json\/wp\/v2\/types\/page"}],"author":[{"embeddable":true,"href":"https:\/\/www.esf.international\/fr\/wp-json\/wp\/v2\/users\/1"}],"replies":[{"embeddable":true,"href":"https:\/\/www.esf.international\/fr\/wp-json\/wp\/v2\/comments?post=61"}],"version-history":[{"count":28,"href":"https:\/\/www.esf.international\/fr\/wp-json\/wp\/v2\/pages\/61\/revisions"}],"predecessor-version":[{"id":571,"href":"https:\/\/www.esf.international\/fr\/wp-json\/wp\/v2\/pages\/61\/revisions\/571"}],"wp:attachment":[{"href":"https:\/\/www.esf.international\/fr\/wp-json\/wp\/v2\/media?parent=61"}],"curies":[{"name":"wp","href":"https:\/\/api.w.org\/{rel}","templated":true}]}}