{"id":63,"date":"2016-02-03T14:24:57","date_gmt":"2016-02-03T13:24:57","guid":{"rendered":"https:\/\/www.esf.international\/?page_id=63"},"modified":"2019-06-19T13:15:08","modified_gmt":"2019-06-19T12:15:08","slug":"want-to-help","status":"publish","type":"page","link":"https:\/\/www.esf.international\/fr\/want-to-help\/","title":{"rendered":"Voulez-vous aider?"},"content":{"rendered":"<p>Vous pouvez manger l\u2019anguille en s\u00e9curit\u00e9. Mais choisissez l\u2019anguille pourvue du logo bleu ESF. Vous \u00eates s\u00fbr alors de contribuer \u00e0 aider les jeunes anguilles vers un habitat excellent, \u00e0 aider les anguilles adultes \u00e0 passer la digue, ainsi qu\u2019\u00e0 des recherches scientifiques. Ces mesures et une p\u00eache \u00e9tant bien contr\u00f4l\u00e9e et r\u00e9gularis\u00e9e nous permettent de savourer l\u2019anguille maintenant et \u00e0 l\u2019avenir.<\/p>","protected":false},"excerpt":{"rendered":"<p>Vous pouvez manger l\u2019anguille en s\u00e9curit\u00e9. Mais choisissez l\u2019anguille pourvue du logo bleu ESF. Vous \u00eates s\u00fbr alors de contribuer <a class=\"more-link\" href=\"https:\/\/www.esf.international\/fr\/want-to-help\/\">Lees verder&#8230;<\/a><\/p>\n","protected":false},"author":1,"featured_media":0,"parent":0,"menu_order":0,"comment_status":"closed","ping_status":"closed","template":"","meta":{"_exactmetrics_skip_tracking":false,"_exactmetrics_sitenote_active":false,"_exactmetrics_sitenote_note":"","_exactmetrics_sitenote_category":0,"footnotes":""},"class_list":["post-63","page","type-page","status-publish","hentry"],"_links":{"self":[{"href":"https:\/\/www.esf.international\/fr\/wp-json\/wp\/v2\/pages\/63","targetHints":{"allow":["GET"]}}],"collection":[{"href":"https:\/\/www.esf.international\/fr\/wp-json\/wp\/v2\/pages"}],"about":[{"href":"https:\/\/www.esf.international\/fr\/wp-json\/wp\/v2\/types\/page"}],"author":[{"embeddable":true,"href":"https:\/\/www.esf.international\/fr\/wp-json\/wp\/v2\/users\/1"}],"replies":[{"embeddable":true,"href":"https:\/\/www.esf.international\/fr\/wp-json\/wp\/v2\/comments?post=63"}],"version-history":[{"count":21,"href":"https:\/\/www.esf.international\/fr\/wp-json\/wp\/v2\/pages\/63\/revisions"}],"predecessor-version":[{"id":500,"href":"https:\/\/www.esf.international\/fr\/wp-json\/wp\/v2\/pages\/63\/revisions\/500"}],"wp:attachment":[{"href":"https:\/\/www.esf.international\/fr\/wp-json\/wp\/v2\/media?parent=63"}],"curies":[{"name":"wp","href":"https:\/\/api.w.org\/{rel}","templated":true}]}}