{"id":73,"date":"2016-02-03T14:39:31","date_gmt":"2016-02-03T13:39:31","guid":{"rendered":"https:\/\/www.esf.international\/?page_id=73"},"modified":"2017-10-02T12:58:28","modified_gmt":"2017-10-02T11:58:28","slug":"restocking","status":"publish","type":"page","link":"https:\/\/www.esf.international\/fr\/restocking\/","title":{"rendered":"Am\u00e9lioration de la population des anguilles"},"content":{"rendered":"<p>En Europe il y a des dizaines de milliers de civelles et d\u2019anguillons* qui sont repeupl\u00e9s en eau douce en vue de l\u2019am\u00e9lioration de la population naturelle des anguilles et d\u2019augmenter les possibilit\u00e9s d\u2019\u00e9chappement des anguilles argent\u00e9es. Un pourcentage de 60% des civelles capt\u00e9es est utilis\u00e9 pour les projets de r\u00e9tablissement de l\u2019anguille.<\/p>\n<p>Plusieurs \u00e9tats membres de l\u2019UE ont int\u00e9gr\u00e9 le repeuplement des civelles en tant que sujet principal dans leurs programmes de protection. Ces pays ach\u00e8tent des civelles \u00e0 l\u00e2cher dans les eaux int\u00e9rieures. L\u2019ESF y contribue en soutenant des projets de repeuplement avec le (co)financement des civelles et des anguillons.<\/p>\n<p>* Les anguillons sont des civelles qui ont \u00e9t\u00e9 \u00e9lev\u00e9es pendant quelques mois afin de rendre les poissons plus forts et moins vuln\u00e9rables. Dans certaines r\u00e9gions, les jeunes anguilles ne peuvent \u00eatre repeupl\u00e9es qu\u2019apr\u00e8s des mois suivant \u00e0 la saison de capture des civelles, en raison de la temp\u00e9rature locale trop basse. Celles-ci grandissent dans des fermes piscicoles jusqu\u2019au moment du repeuplement.<\/p>","protected":false},"excerpt":{"rendered":"<p>En Europe il y a des dizaines de milliers de civelles et d\u2019anguillons* qui sont repeupl\u00e9s en eau douce en <a class=\"more-link\" href=\"https:\/\/www.esf.international\/fr\/restocking\/\">Lees verder&#8230;<\/a><\/p>\n","protected":false},"author":1,"featured_media":0,"parent":0,"menu_order":0,"comment_status":"closed","ping_status":"closed","template":"","meta":{"_exactmetrics_skip_tracking":false,"_exactmetrics_sitenote_active":false,"_exactmetrics_sitenote_note":"","_exactmetrics_sitenote_category":0,"footnotes":""},"class_list":["post-73","page","type-page","status-publish","hentry"],"_links":{"self":[{"href":"https:\/\/www.esf.international\/fr\/wp-json\/wp\/v2\/pages\/73","targetHints":{"allow":["GET"]}}],"collection":[{"href":"https:\/\/www.esf.international\/fr\/wp-json\/wp\/v2\/pages"}],"about":[{"href":"https:\/\/www.esf.international\/fr\/wp-json\/wp\/v2\/types\/page"}],"author":[{"embeddable":true,"href":"https:\/\/www.esf.international\/fr\/wp-json\/wp\/v2\/users\/1"}],"replies":[{"embeddable":true,"href":"https:\/\/www.esf.international\/fr\/wp-json\/wp\/v2\/comments?post=73"}],"version-history":[{"count":22,"href":"https:\/\/www.esf.international\/fr\/wp-json\/wp\/v2\/pages\/73\/revisions"}],"predecessor-version":[{"id":430,"href":"https:\/\/www.esf.international\/fr\/wp-json\/wp\/v2\/pages\/73\/revisions\/430"}],"wp:attachment":[{"href":"https:\/\/www.esf.international\/fr\/wp-json\/wp\/v2\/media?parent=73"}],"curies":[{"name":"wp","href":"https:\/\/api.w.org\/{rel}","templated":true}]}}