{"id":75,"date":"2016-02-03T14:40:21","date_gmt":"2016-02-03T13:40:21","guid":{"rendered":"https:\/\/www.esf.international\/?page_id=75"},"modified":"2017-10-02T12:59:11","modified_gmt":"2017-10-02T11:59:11","slug":"trap-and-transport","status":"publish","type":"page","link":"https:\/\/www.esf.international\/fr\/trap-and-transport\/","title":{"rendered":"Paling Over De Dijk (Anguilles au-dessus de la digue)"},"content":{"rendered":"<p>\u201cPaling Over De Dijk\u201d est une mesure suppl\u00e9mentaire impliquant le sauvetage de dizaines de milliers d\u2019anguilles reproductrices, souvent longues d\u2019un m\u00e8tre, dans le voisinage de pompes et de turbines de centrales \u00e0 cog\u00e9n\u00e9ration. Celles-ci sont transport\u00e9es au-del\u00e0 des barri\u00e8res aquatiques par des p\u00eacheurs professionnels. De cette fa\u00e7on elles peuvent aller en route sain et sauf pour se reproduire. Chaque anguille sauv\u00e9e peut produire des milliers de descendants dans l\u2019oc\u00e9an.<\/p>\n<p>Les anguilles frayent uniquement dans la mer des Sargasses. Afin d\u2019atteindre la mer \u00e0 partir de leur habitat, elles font de longs voyages \u00e0 travers les eaux int\u00e9rieures de l\u2019Europe. Ces voyages sont entrav\u00e9s gravement par les dizaines de milliers de centrales de cog\u00e9n\u00e9ration, de syst\u00e8mes de gestion d\u2019eau et de stations de pompage, ainsi que par les littoraux ferm\u00e9s herm\u00e9tiquement.<\/p>\n<p>Tant que les routes migratoires \u00e0 travers les eaux europ\u00e9ennes sont bloqu\u00e9es, il est important d\u2019ex\u00e9cuter les projets \u201cPaling Over De Dijk\u201d. L\u2019anguille a besoin de l\u2019homme en ce moment afin de pouvoir continuer sa route. L\u2019ESF aide en fournissant les connaissances, les ressources humaines et le (co)financement.<\/p>","protected":false},"excerpt":{"rendered":"<p>\u201cPaling Over De Dijk\u201d est une mesure suppl\u00e9mentaire impliquant le sauvetage de dizaines de milliers d\u2019anguilles reproductrices, souvent longues d\u2019un <a class=\"more-link\" href=\"https:\/\/www.esf.international\/fr\/trap-and-transport\/\">Lees verder&#8230;<\/a><\/p>\n","protected":false},"author":1,"featured_media":0,"parent":0,"menu_order":0,"comment_status":"closed","ping_status":"closed","template":"","meta":{"_exactmetrics_skip_tracking":false,"_exactmetrics_sitenote_active":false,"_exactmetrics_sitenote_note":"","_exactmetrics_sitenote_category":0,"footnotes":""},"class_list":["post-75","page","type-page","status-publish","hentry"],"_links":{"self":[{"href":"https:\/\/www.esf.international\/fr\/wp-json\/wp\/v2\/pages\/75","targetHints":{"allow":["GET"]}}],"collection":[{"href":"https:\/\/www.esf.international\/fr\/wp-json\/wp\/v2\/pages"}],"about":[{"href":"https:\/\/www.esf.international\/fr\/wp-json\/wp\/v2\/types\/page"}],"author":[{"embeddable":true,"href":"https:\/\/www.esf.international\/fr\/wp-json\/wp\/v2\/users\/1"}],"replies":[{"embeddable":true,"href":"https:\/\/www.esf.international\/fr\/wp-json\/wp\/v2\/comments?post=75"}],"version-history":[{"count":18,"href":"https:\/\/www.esf.international\/fr\/wp-json\/wp\/v2\/pages\/75\/revisions"}],"predecessor-version":[{"id":431,"href":"https:\/\/www.esf.international\/fr\/wp-json\/wp\/v2\/pages\/75\/revisions\/431"}],"wp:attachment":[{"href":"https:\/\/www.esf.international\/fr\/wp-json\/wp\/v2\/media?parent=75"}],"curies":[{"name":"wp","href":"https:\/\/api.w.org\/{rel}","templated":true}]}}