{"id":78,"date":"2016-02-03T14:42:24","date_gmt":"2016-02-03T13:42:24","guid":{"rendered":"https:\/\/www.esf.international\/?page_id=78"},"modified":"2017-10-02T12:59:48","modified_gmt":"2017-10-02T11:59:48","slug":"scientific-research","status":"publish","type":"page","link":"https:\/\/www.esf.international\/fr\/scientific-research\/","title":{"rendered":"Recherches scientifiques"},"content":{"rendered":"<p>Les anguilles sont des animaux primaires qui peuplent la terre d\u00e9j\u00e0 depuis 100 millions d\u2019ann\u00e9es environ. Ayant surv\u00e9cues aux changements climatiques tels que les \u00e2ges glaciaires, elles ont la capacit\u00e9 de s\u2019adapter aux d\u00e9placements des continents. Bien que l\u2019anguille fasse d\u00e9j\u00e0 partie de notre culture pendant des milliers d\u2019ann\u00e9es, les hommes savent au fond tr\u00e8s peu \u00e0 propos de ce poisson myst\u00e9rieux. Aristote croyait que les anguilles sortaient de la boue. Pline l\u2019Ag\u00e9 (Gaius Plinius Secundus maior, fameux amateur de la nature romain et philosophe) \u00e9tait d\u2019avis que les anguilles se reproduisaient en frottant leur corps contre des cailloux. Diff\u00e9rents scientifiques ont consacr\u00e9 au fil des si\u00e8cles l\u2019\u0153uvre de leur vie \u00e0 am\u00e9liorer les connaissances \u00e0 propos de l\u2019anguille.<\/p>\n<p>Un biologiste danois a d\u00e9couvert en 1923 des larves d\u2019anguille dans la mer des Sargasses. D\u00e8s lors, les scientifiques sont convaincus que la zone de frai se trouve dans un vaste domaine au sud du triangle des Bermudes. Plusieurs biologistes r\u00eavent d\u2019\u00eatre le premier \u00e0 d\u00e9couvrir ces anguilles dans cette r\u00e9gion.<\/p>\n<p>La question de savoir combien d\u2019anguilles nagent dans le monde entier est difficile \u00e0 r\u00e9pondre. Il est impossible \u00e0 d\u00e9terminer scientifiquement leur quantit\u00e9: le poisson s\u2019est r\u00e9pandu dans un domaine immense, il est surtout actif pendant la nuit et il se d\u00e9place le long de routes totalement inconnues. C\u2019est pourquoi un grand nombre de questions reste encore sans r\u00e9ponse. Il faut faire bien des recherches afin de pouvoir comprendre l\u2019anguille et de contribuer plus \u00e0 la gestion effective de la population des anguilles. Les membres ESA aident, par cons\u00e9quent, \u00e0 d\u00e9velopper et financer des recherches scientifiques.<\/p>\n<p>Exemples de recherches scientifiques:<\/p>\n<p>\u2022\u00a0la reproduction d\u2019anguilles en captivit\u00e9,<br \/>\n\u2022\u00a0alimentation adapt\u00e9e aux larves d\u2019anguille,<br \/>\n\u2022\u00a0la pr\u00e9vision de survie des civelles par rapport aux anguillons,<br \/>\n\u2022\u00a0le comportement des anguilles aupr\u00e8s d\u2019\u00e9cluses,<br \/>\n\u2022\u00a0le comportement d\u2019anguilles argent\u00e9es pendant leur randonn\u00e9e,<br \/>\n\u2022\u00a0compilation et analyse de donn\u00e9es de recherches historiques.<\/p>","protected":false},"excerpt":{"rendered":"<p>Les anguilles sont des animaux primaires qui peuplent la terre d\u00e9j\u00e0 depuis 100 millions d\u2019ann\u00e9es environ. Ayant surv\u00e9cues aux changements <a class=\"more-link\" href=\"https:\/\/www.esf.international\/fr\/scientific-research\/\">Lees verder&#8230;<\/a><\/p>\n","protected":false},"author":1,"featured_media":0,"parent":0,"menu_order":0,"comment_status":"closed","ping_status":"closed","template":"","meta":{"_exactmetrics_skip_tracking":false,"_exactmetrics_sitenote_active":false,"_exactmetrics_sitenote_note":"","_exactmetrics_sitenote_category":0,"footnotes":""},"class_list":["post-78","page","type-page","status-publish","hentry"],"_links":{"self":[{"href":"https:\/\/www.esf.international\/fr\/wp-json\/wp\/v2\/pages\/78","targetHints":{"allow":["GET"]}}],"collection":[{"href":"https:\/\/www.esf.international\/fr\/wp-json\/wp\/v2\/pages"}],"about":[{"href":"https:\/\/www.esf.international\/fr\/wp-json\/wp\/v2\/types\/page"}],"author":[{"embeddable":true,"href":"https:\/\/www.esf.international\/fr\/wp-json\/wp\/v2\/users\/1"}],"replies":[{"embeddable":true,"href":"https:\/\/www.esf.international\/fr\/wp-json\/wp\/v2\/comments?post=78"}],"version-history":[{"count":12,"href":"https:\/\/www.esf.international\/fr\/wp-json\/wp\/v2\/pages\/78\/revisions"}],"predecessor-version":[{"id":432,"href":"https:\/\/www.esf.international\/fr\/wp-json\/wp\/v2\/pages\/78\/revisions\/432"}],"wp:attachment":[{"href":"https:\/\/www.esf.international\/fr\/wp-json\/wp\/v2\/media?parent=78"}],"curies":[{"name":"wp","href":"https:\/\/api.w.org\/{rel}","templated":true}]}}