{"id":80,"date":"2016-02-03T14:45:51","date_gmt":"2016-02-03T13:45:51","guid":{"rendered":"https:\/\/www.esf.international\/?page_id=80"},"modified":"2019-06-19T13:15:35","modified_gmt":"2019-06-19T12:15:35","slug":"eel-stewardship-association","status":"publish","type":"page","link":"https:\/\/www.esf.international\/fr\/eel-stewardship-association\/","title":{"rendered":"Eel Stewardship Association"},"content":{"rendered":"<p><em>L\u2019Eel Stewardship Association<\/em> (ESA) est le gestionnaire du <em>Eel Stewardship Fund<\/em>, et le propri\u00e9taire de la marque figurative ESF. L\u2019ESA a \u00e9t\u00e9 fond\u00e9e en 2015 par des organisations du secteur de l\u2019anguille aux Pays-Bas et en Allemagne. La r\u00e9alisation de repr\u00e9sentations dans les principaux pays europ\u00e9ens de l\u2019anguille est en cours actuellement. L\u2019objectif prioritaire de l\u2019ESA comporte la remise en \u00e9tat rapide du stock d\u2019anguilles en Europe. Une mesure importante consiste \u00e0 rendre plus transparents la capture et le commerce en leur totalit\u00e9, en vue d\u2019une valorisation durable de la population des anguilles.<\/p>\n<p>Les membres de l\u2019ESA re\u00e7oivent des ressources de l\u2019Eel Stewardship Fund. Cet argent provient de la vente d\u2019anguilles par l\u2019interm\u00e9diaire d\u2019une licence ESF. Les anguilles participant au fonds sont identifiables par le logo ESF. Le fonds est compl\u00e9t\u00e9 en plus par des subventions et des dons.<\/p>\n<p>Gr\u00e2ce au Sustainable Eel Fund, les membres de l\u2019ESA sont en \u00e9tat de r\u00e9aliser un nombre consid\u00e9rable de mesures de r\u00e9tablissement et des projets du durabilit\u00e9.<\/p>","protected":false},"excerpt":{"rendered":"<p>L\u2019Eel Stewardship Association (ESA) est le gestionnaire du Eel Stewardship Fund, et le propri\u00e9taire de la marque figurative ESF. L\u2019ESA <a class=\"more-link\" href=\"https:\/\/www.esf.international\/fr\/eel-stewardship-association\/\">Lees verder&#8230;<\/a><\/p>\n","protected":false},"author":1,"featured_media":0,"parent":0,"menu_order":0,"comment_status":"closed","ping_status":"closed","template":"","meta":{"_exactmetrics_skip_tracking":false,"_exactmetrics_sitenote_active":false,"_exactmetrics_sitenote_note":"","_exactmetrics_sitenote_category":0,"footnotes":""},"class_list":["post-80","page","type-page","status-publish","hentry"],"_links":{"self":[{"href":"https:\/\/www.esf.international\/fr\/wp-json\/wp\/v2\/pages\/80","targetHints":{"allow":["GET"]}}],"collection":[{"href":"https:\/\/www.esf.international\/fr\/wp-json\/wp\/v2\/pages"}],"about":[{"href":"https:\/\/www.esf.international\/fr\/wp-json\/wp\/v2\/types\/page"}],"author":[{"embeddable":true,"href":"https:\/\/www.esf.international\/fr\/wp-json\/wp\/v2\/users\/1"}],"replies":[{"embeddable":true,"href":"https:\/\/www.esf.international\/fr\/wp-json\/wp\/v2\/comments?post=80"}],"version-history":[{"count":18,"href":"https:\/\/www.esf.international\/fr\/wp-json\/wp\/v2\/pages\/80\/revisions"}],"predecessor-version":[{"id":502,"href":"https:\/\/www.esf.international\/fr\/wp-json\/wp\/v2\/pages\/80\/revisions\/502"}],"wp:attachment":[{"href":"https:\/\/www.esf.international\/fr\/wp-json\/wp\/v2\/media?parent=80"}],"curies":[{"name":"wp","href":"https:\/\/api.w.org\/{rel}","templated":true}]}}