{"id":86,"date":"2016-02-03T15:16:44","date_gmt":"2016-02-03T14:16:44","guid":{"rendered":"https:\/\/www.esf.international\/?page_id=86"},"modified":"2017-10-02T13:01:29","modified_gmt":"2017-10-02T12:01:29","slug":"esa-members","status":"publish","type":"page","link":"https:\/\/www.esf.international\/fr\/esa-members\/","title":{"rendered":"Membres de l\u2019ESA"},"content":{"rendered":"<p>L\u2019ESA a \u00e9t\u00e9 fond\u00e9e en D\u00e9cembre 2015. Actuellement il y a trois \u00e9tats membres de l\u2019ESA: l\u2019Angleterre, l\u2019Allemagne et les Pays-Bas. Plus de pays s\u2019y joindront dans l\u2019imm\u00e9diat.<\/p>\n<p>Si vous d\u00e9sirez savoir plus des d\u00e9veloppements de l\u2019ESA dans votre pays, veuillez remplir le formulaire de contact.<\/p>","protected":false},"excerpt":{"rendered":"<p>L\u2019ESA a \u00e9t\u00e9 fond\u00e9e en D\u00e9cembre 2015. Actuellement il y a trois \u00e9tats membres de l\u2019ESA: l\u2019Angleterre, l\u2019Allemagne et les <a class=\"more-link\" href=\"https:\/\/www.esf.international\/fr\/esa-members\/\">Lees verder&#8230;<\/a><\/p>\n","protected":false},"author":1,"featured_media":0,"parent":0,"menu_order":0,"comment_status":"closed","ping_status":"closed","template":"","meta":{"_exactmetrics_skip_tracking":false,"_exactmetrics_sitenote_active":false,"_exactmetrics_sitenote_note":"","_exactmetrics_sitenote_category":0,"footnotes":""},"class_list":["post-86","page","type-page","status-publish","hentry"],"_links":{"self":[{"href":"https:\/\/www.esf.international\/fr\/wp-json\/wp\/v2\/pages\/86","targetHints":{"allow":["GET"]}}],"collection":[{"href":"https:\/\/www.esf.international\/fr\/wp-json\/wp\/v2\/pages"}],"about":[{"href":"https:\/\/www.esf.international\/fr\/wp-json\/wp\/v2\/types\/page"}],"author":[{"embeddable":true,"href":"https:\/\/www.esf.international\/fr\/wp-json\/wp\/v2\/users\/1"}],"replies":[{"embeddable":true,"href":"https:\/\/www.esf.international\/fr\/wp-json\/wp\/v2\/comments?post=86"}],"version-history":[{"count":10,"href":"https:\/\/www.esf.international\/fr\/wp-json\/wp\/v2\/pages\/86\/revisions"}],"predecessor-version":[{"id":435,"href":"https:\/\/www.esf.international\/fr\/wp-json\/wp\/v2\/pages\/86\/revisions\/435"}],"wp:attachment":[{"href":"https:\/\/www.esf.international\/fr\/wp-json\/wp\/v2\/media?parent=86"}],"curies":[{"name":"wp","href":"https:\/\/api.w.org\/{rel}","templated":true}]}}