{"id":88,"date":"2016-02-03T15:18:29","date_gmt":"2016-02-03T14:18:29","guid":{"rendered":"https:\/\/www.esf.international\/?page_id=88"},"modified":"2017-10-02T13:01:43","modified_gmt":"2017-10-02T12:01:43","slug":"dupan","status":"publish","type":"page","link":"https:\/\/www.esf.international\/fr\/dupan\/","title":{"rendered":"DUPAN"},"content":{"rendered":"<p>DUPAN se compose de l\u2019Association n\u00e9erlandaise de Commer\u00e7ants d\u2019Anguilles (NeVePaling), de l\u2019Association n\u00e9erlandaise de Pisciculteurs (NeVeVi), ainsi que de l\u2019organisation de p\u00eacheurs professionnels (netVISwerk). DUPAN entreprend des activit\u00e9s qui contribuent au r\u00e9tablissement acc\u00e9l\u00e9r\u00e9 et durable du stock d\u2019anguilles dans les eaux n\u00e9erlandaises et europ\u00e9ennes. A titre d\u2019exemples: le repeuplement de jeunes anguilles et aider les anguilles adultes \u00e0 passer les digues.<\/p>\n<p>DUPAN s\u2019occupe ensuite de solutions plus durables pour la capture et l\u2019\u00e9levage d\u2019anguilles et de m\u00e9thodes de traitement respectueuses de l\u2019environnement et des animaux. DUPAN supporte \u00e9galement des recherches scientifiques concernant les anguilles.<\/p>","protected":false},"excerpt":{"rendered":"<p>DUPAN se compose de l\u2019Association n\u00e9erlandaise de Commer\u00e7ants d\u2019Anguilles (NeVePaling), de l\u2019Association n\u00e9erlandaise de Pisciculteurs (NeVeVi), ainsi que de l\u2019organisation <a class=\"more-link\" href=\"https:\/\/www.esf.international\/fr\/dupan\/\">Lees verder&#8230;<\/a><\/p>\n","protected":false},"author":1,"featured_media":0,"parent":0,"menu_order":0,"comment_status":"closed","ping_status":"closed","template":"","meta":{"_exactmetrics_skip_tracking":false,"_exactmetrics_sitenote_active":false,"_exactmetrics_sitenote_note":"","_exactmetrics_sitenote_category":0,"footnotes":""},"class_list":["post-88","page","type-page","status-publish","hentry"],"_links":{"self":[{"href":"https:\/\/www.esf.international\/fr\/wp-json\/wp\/v2\/pages\/88","targetHints":{"allow":["GET"]}}],"collection":[{"href":"https:\/\/www.esf.international\/fr\/wp-json\/wp\/v2\/pages"}],"about":[{"href":"https:\/\/www.esf.international\/fr\/wp-json\/wp\/v2\/types\/page"}],"author":[{"embeddable":true,"href":"https:\/\/www.esf.international\/fr\/wp-json\/wp\/v2\/users\/1"}],"replies":[{"embeddable":true,"href":"https:\/\/www.esf.international\/fr\/wp-json\/wp\/v2\/comments?post=88"}],"version-history":[{"count":12,"href":"https:\/\/www.esf.international\/fr\/wp-json\/wp\/v2\/pages\/88\/revisions"}],"predecessor-version":[{"id":436,"href":"https:\/\/www.esf.international\/fr\/wp-json\/wp\/v2\/pages\/88\/revisions\/436"}],"wp:attachment":[{"href":"https:\/\/www.esf.international\/fr\/wp-json\/wp\/v2\/media?parent=88"}],"curies":[{"name":"wp","href":"https:\/\/api.w.org\/{rel}","templated":true}]}}